{"id":1442,"date":"2018-09-17T18:01:28","date_gmt":"2018-09-17T16:01:28","guid":{"rendered":"http:\/\/www.turtle-sanctuary.org\/?page_id=1442"},"modified":"2018-11-21T16:47:36","modified_gmt":"2018-11-21T15:47:36","slug":"project-geoemyda-spengleri","status":"publish","type":"page","link":"http:\/\/www.turtle-sanctuary.org\/vi\/hoat-dong\/project-geoemyda-spengleri\/","title":{"rendered":"D\u1ef1 \u00e1n <em>Geoemyda spengleri<\/em>"},"content":{"rendered":"<p><div class=\"fusion-fullwidth fullwidth-box fusion-builder-row-1 nonhundred-percent-fullwidth non-hundred-percent-height-scrolling\" style=\"--awb-border-radius-top-left:0px;--awb-border-radius-top-right:0px;--awb-border-radius-bottom-right:0px;--awb-border-radius-bottom-left:0px;--awb-padding-right:0px;--awb-padding-left:0px;--awb-flex-wrap:wrap;\" ><div class=\"fusion-builder-row fusion-row\"><div class=\"fusion-layout-column fusion_builder_column fusion-builder-column-0 fusion_builder_column_1_1 1_1 fusion-one-full fusion-column-first fusion-column-last\" style=\"--awb-bg-size:cover;\"><div class=\"fusion-column-wrapper fusion-flex-column-wrapper-legacy\"><div class=\"fusion-image-element fusion-image-align-center in-legacy-container\" style=\"text-align:center;--awb-max-width:100%;--awb-caption-title-font-family:var(--h2_typography-font-family);--awb-caption-title-font-weight:var(--h2_typography-font-weight);--awb-caption-title-font-style:var(--h2_typography-font-style);--awb-caption-title-size:var(--h2_typography-font-size);--awb-caption-title-transform:var(--h2_typography-text-transform);--awb-caption-title-line-height:var(--h2_typography-line-height);--awb-caption-title-letter-spacing:var(--h2_typography-letter-spacing);\"><div class=\"imageframe-align-center\"><span class=\" fusion-imageframe imageframe-none imageframe-1 hover-type-none ban\"><img decoding=\"async\" width=\"2400\" height=\"899\" alt=\"Projet &lt;em&gt;Geoemyda spengleri&lt;\/em&gt;\" src=\"http:\/\/www.turtle-sanctuary.org\/wp-content\/uploads\/2018\/09\/ban-2.jpg\" class=\"img-responsive wp-image-1443\" srcset=\"http:\/\/www.turtle-sanctuary.org\/wp-content\/uploads\/2018\/09\/ban-2-200x75.jpg 200w, http:\/\/www.turtle-sanctuary.org\/wp-content\/uploads\/2018\/09\/ban-2-400x150.jpg 400w, http:\/\/www.turtle-sanctuary.org\/wp-content\/uploads\/2018\/09\/ban-2-600x225.jpg 600w, http:\/\/www.turtle-sanctuary.org\/wp-content\/uploads\/2018\/09\/ban-2-800x300.jpg 800w, http:\/\/www.turtle-sanctuary.org\/wp-content\/uploads\/2018\/09\/ban-2-1200x450.jpg 1200w, http:\/\/www.turtle-sanctuary.org\/wp-content\/uploads\/2018\/09\/ban-2.jpg 2400w\" sizes=\"(max-width: 1280px) 100vw, 2400px\" \/><\/span><\/div><\/div><div class=\"fusion-text fusion-text-1 titre\"><p>PROJECT <em>Geoemyda spengleri<\/em><\/p>\n<\/div><div class=\"fusion-clearfix\"><\/div><\/div><\/div><\/div><\/div><div class=\"fusion-fullwidth fullwidth-box fusion-builder-row-2 nonhundred-percent-fullwidth non-hundred-percent-height-scrolling\" style=\"--awb-border-radius-top-left:0px;--awb-border-radius-top-right:0px;--awb-border-radius-bottom-right:0px;--awb-border-radius-bottom-left:0px;--awb-flex-wrap:wrap;\" ><div class=\"fusion-builder-row fusion-row\"><div class=\"fusion-layout-column fusion_builder_column fusion-builder-column-1 fusion_builder_column_3_5 3_5 fusion-three-fifth fusion-column-first\" style=\"--awb-bg-size:cover;width:60%;width:calc(60% - ( ( 4% ) * 0.6 ) );margin-right: 4%;\"><div class=\"fusion-column-wrapper fusion-flex-column-wrapper-legacy\"><div class=\"fusion-text fusion-text-2 texte-missions\"><p style=\"text-align: justify;\">Ph\u1ea1m V\u0103n Th\u00f4ng l\u00e0 \u0111i\u1ec1u ph\u1ed1i vi\u00ean nghi\u00ean c\u1ee9u th\u1ef1c \u0111\u1ecba c\u1ee7a Turtle Sanctuary l\u00e0 \u0111i\u1ec1u tra vi\u00ean ch\u00ednh cho d\u1ef1 \u00e1n \u201cPh\u00e2n b\u1ed1, t\u00ecnh tr\u1ea1ng khai th\u00e1c v\u00e0 c\u00e1c \u0111\u1eb7c t\u00ednh sinh th\u00e1i c\u01a1 b\u1ea3n c\u1ee7a lo\u00e0i r\u00f9a R\u00f9a l\u00e1 Tam \u0110\u1ea3o (<em>Geoemyda spengleri<\/em>) t\u1ea1i khu b\u1ea3o t\u1ed3n qu\u1ed1c gia T\u00e2y Y\u00ean T\u1eed, t\u1ec9nh B\u1eafc Giang, Vi\u1ec7t Nam\u201d.<\/p>\n<p style=\"text-align: justify;\"><em>Geoemyda spengleri<\/em>, R\u00f9a l\u00e1 Tam \u0110\u1ea3o, l\u00e0 m\u1ed9t lo\u00e0i b\u1ea3n \u0111\u1ecba c\u00f3 ngu\u1ed3n g\u1ed1c t\u1eeb c\u00e1c v\u00f9ng r\u1eebng n\u00fai \u1edf mi\u1ec1n b\u1eafc Vi\u1ec7t Nam, L\u00e0o v\u00e0 \u0111\u00f4ng nam Trung Qu\u1ed1c. Do k\u00edch th\u01b0\u1edbc v\u00e0 di\u1ec7n m\u1ea1o nh\u1ecf c\u1ee7a n\u00f3, lo\u00e0i n\u00e0y t\u1eeb l\u00e2u \u0111\u00e3 \u0111\u01b0\u1ee3c ph\u1ed5 bi\u1ebfn trong bu\u00f4n b\u00e1n th\u00fa c\u1ea3nh. M\u1eb7c d\u00f9 \u0111\u01b0\u1ee3c li\u1ec7t k\u00ea v\u00e0o ph\u1ee5 l\u1ee5c II c\u00f4ng \u01b0\u1edbc CITES, lo\u00e0i n\u00e0y v\u1eabn b\u1ecb bu\u00f4n b\u00e1n xuy\u00ean qu\u1ed1c gia v\u1edbi s\u1ed1 l\u01b0\u1ee3ng l\u1edbn. Hi\u1ec7n t\u1ea1i, vi\u1ec7c s\u01b0u t\u1eadp lo\u00e0i n\u00e0y l\u00e0m th\u00fa c\u1ea3nh v\u1eabn di\u1ec5n ra tr\u00e0n lan nh\u1eb1m \u0111\u00e1p \u1ee9ng nhu c\u1ea7u ng\u00e0y c\u00e0ng t\u0103ng trong n\u01b0\u1edbc \u1edf Vi\u1ec7t Nam v\u00e0 qu\u1ed1c t\u1ebf.<\/p>\n<p style=\"text-align: justify;\">Hi\u1ec7n t\u1ea1i, lo\u00e0i r\u00f9a l\u00e1 Tam \u0110\u1ea3o \u0111\u00e3 \u0111\u01b0\u1ee3c ph\u00e2n lo\u1ea1i \u1edf m\u1ee9c Nguy C\u1ea5p (EN) theo danh l\u1ee5c \u0111\u1ecf c\u1ee7a IUCN. Tuy nhi\u00ean, th\u00f4ng tin ngo\u00e0i t\u1ef1 nhi\u00ean v\u1ec1 lo\u00e0i r\u1ea5t h\u1ea1n ch\u1ebf \u0111\u1eb7c bi\u1ec7t l\u00e0 \u1edf Vi\u1ec7t Nam. C\u00e1c th\u00f4ng tin v\u1ec1 m\u00f4i tr\u01b0\u1eddng s\u1ed1ng c\u1ee7a lo\u00e0i, t\u00ecnh tr\u1ea1ng qu\u1ea7n th\u1ec3, v\u00e0 c\u00e1c d\u1eef li\u1ec7u v\u1ec1 sinh th\u00e1i c\u1ee7a lo\u00e0i g\u1ea7n nh\u01b0 kh\u00f4ng t\u1ed3n t\u1ea1i. Vi\u1ec7c thi\u1ebfu th\u00f4ng tin n\u00e0y g\u00e2n c\u1ea3n tr\u1edf r\u1ea5t l\u1edbn trong c\u00f4ng t\u00e1c b\u1ea3o t\u1ed3n lo\u00e0i.<br \/>Do \u0111\u00f3, d\u1ef1 \u00e1n nh\u1eb1m m\u1ee5c \u0111\u00edch thu th\u1eadp s\u1ed1 li\u1ec7u v\u1ec1 sinh th\u00e1i, ph\u00e2n b\u1ed1 v\u00e0 c\u00e1c m\u1ed1i \u0111e d\u1ecda c\u1ee7a lo\u00e0i \u0111\u1ec3 \u0111\u1ec1 xu\u1ea5t v\u1edbi c\u00e1c c\u01a1 quan ch\u1ee9c n\u0103ng v\u00e0 c\u00e1c nh\u00e0 ho\u1ea1ch \u0111\u1ecbnh ch\u00ednh s\u00e1ch t\u1ed1t h\u01a1n trong vi\u1ec7c b\u1ea3o t\u1ed3n lo\u00e0i \u1edf Vi\u1ec7t Nam.<\/p>\n<\/div><div class=\"fusion-clearfix\"><\/div><\/div><\/div><div class=\"fusion-layout-column fusion_builder_column fusion-builder-column-2 fusion_builder_column_2_5 2_5 fusion-two-fifth fusion-column-last\" style=\"--awb-padding-top:20px;--awb-padding-right:20px;--awb-padding-bottom:20px;--awb-padding-left:20px;--awb-bg-color:#f7f7f7;--awb-bg-color-hover:#f7f7f7;--awb-bg-size:cover;width:40%;width:calc(40% - ( ( 4% ) * 0.4 ) );\"><div class=\"fusion-column-wrapper fusion-flex-column-wrapper-legacy\"><div class=\"fusion-text fusion-text-3\"><h2 style=\"text-align: center;\">NHI\u1ec6M V\u1ee4<\/h2>\n<p><strong>\u0110\u1ecba \u0111i\u1ec3m :<\/strong> khu b\u1ea3o t\u1ed3n thi\u00ean nhi\u00ean T\u00e2y Y\u00ean T\u1eed, T\u1ec9nh B\u1eafc Giang, Vi\u1ec7t Nam<\/p>\n<p><strong>Lo\u00e0i :\u00a0<\/strong><em>Geoemyda spengleri<\/em><\/p>\n<p><strong>Nhi\u1ec7m v\u1ee5 :<\/strong>\u00a0Thu th\u1eadp d\u1eef li\u1ec7u v\u1ec1 sinh th\u00e1i v\u00e0 qu\u1ea7n th\u1ec3 lo\u00e0i r\u00f9a Geoemyda spengleri \u1edf Vi\u1ec7t Nam<\/p>\n<\/div><div align=\"center\"><iframe src=\"https:\/\/www.google.com\/maps\/embed?pb=!1m18!1m12!1m3!1d475569.51807868935!2d106.1766747841978!3d21.37466693655111!2m3!1f0!2f0!3f0!3m2!1i1024!2i768!4f13.1!3m3!1m2!1s0x313510a9b346cfed%3A0x3c424c5b50eb50c8!2zQuG6r2MgR2lhbmcsIFZpZXRuYW0!5e0!3m2!1sfr!2sfr!4v1537200025221\" width=\"100%\" height=\"300\" frameborder=\"0\" style=\"border:0\" allowfullscreen><\/iframe><\/div><div class=\"fusion-clearfix\"><\/div><\/div><\/div><div class=\"fusion-layout-column fusion_builder_column fusion-builder-column-3 fusion_builder_column_1_1 1_1 fusion-one-full fusion-column-first fusion-column-last\" style=\"--awb-bg-size:cover;\"><div class=\"fusion-column-wrapper fusion-flex-column-wrapper-legacy\"><div class=\"awb-gallery-wrapper awb-gallery-wrapper-1 button-span-no\"><div style=\"margin:-10px;--awb-bordersize:0px;\" class=\"fusion-gallery fusion-gallery-container fusion-grid-3 fusion-columns-total-8 fusion-gallery-layout-grid fusion-gallery-1\"><div style=\"padding:10px;\" class=\"fusion-grid-column fusion-gallery-column fusion-gallery-column-3\"><div class=\"fusion-gallery-image fusion-gallery-image-liftup\"><a href=\"http:\/\/www.turtle-sanctuary.org\/wp-content\/uploads\/2018\/09\/DSC3716.jpg\" data-title=\"_DSC3716\" title=\"_DSC3716\" rel=\"noreferrer\" data-rel=\"iLightbox[gallery_image_1]\" class=\"fusion-lightbox\" target=\"_self\"><img decoding=\"async\" src=\"http:\/\/www.turtle-sanctuary.org\/wp-content\/uploads\/2018\/09\/DSC3716.jpg\" width=\"1200\" height=\"800\" alt=\"\" title=\"_DSC3716\" aria-label=\"_DSC3716\" class=\"img-responsive wp-image-668\" srcset=\"http:\/\/www.turtle-sanctuary.org\/wp-content\/uploads\/2018\/09\/DSC3716-200x133.jpg 200w, http:\/\/www.turtle-sanctuary.org\/wp-content\/uploads\/2018\/09\/DSC3716-400x267.jpg 400w, http:\/\/www.turtle-sanctuary.org\/wp-content\/uploads\/2018\/09\/DSC3716-600x400.jpg 600w, http:\/\/www.turtle-sanctuary.org\/wp-content\/uploads\/2018\/09\/DSC3716-800x533.jpg 800w, http:\/\/www.turtle-sanctuary.org\/wp-content\/uploads\/2018\/09\/DSC3716.jpg 1200w\" sizes=\"(min-width: 2200px) 100vw, (min-width: 784px) 633px, (min-width: 712px) 784px, (min-width: 640px) 712px, \" \/><\/a><\/div><\/div><div style=\"padding:10px;\" class=\"fusion-grid-column fusion-gallery-column fusion-gallery-column-3\"><div class=\"fusion-gallery-image fusion-gallery-image-liftup\"><a href=\"http:\/\/www.turtle-sanctuary.org\/wp-content\/uploads\/2018\/09\/DSC3732.jpg\" rel=\"noreferrer\" data-rel=\"iLightbox[gallery_image_1]\" class=\"fusion-lightbox\" target=\"_self\"><img decoding=\"async\" src=\"http:\/\/www.turtle-sanctuary.org\/wp-content\/uploads\/2018\/09\/DSC3732.jpg\" width=\"1200\" height=\"800\" alt=\"\" title=\"\" aria-label=\"\" class=\"img-responsive wp-image-670\" srcset=\"http:\/\/www.turtle-sanctuary.org\/wp-content\/uploads\/2018\/09\/DSC3732-200x133.jpg 200w, http:\/\/www.turtle-sanctuary.org\/wp-content\/uploads\/2018\/09\/DSC3732-400x267.jpg 400w, http:\/\/www.turtle-sanctuary.org\/wp-content\/uploads\/2018\/09\/DSC3732-600x400.jpg 600w, http:\/\/www.turtle-sanctuary.org\/wp-content\/uploads\/2018\/09\/DSC3732-800x533.jpg 800w, http:\/\/www.turtle-sanctuary.org\/wp-content\/uploads\/2018\/09\/DSC3732.jpg 1200w\" sizes=\"(min-width: 2200px) 100vw, (min-width: 784px) 633px, (min-width: 712px) 784px, (min-width: 640px) 712px, \" \/><\/a><\/div><\/div><div style=\"padding:10px;\" class=\"fusion-grid-column fusion-gallery-column fusion-gallery-column-3\"><div class=\"fusion-gallery-image fusion-gallery-image-liftup\"><a href=\"http:\/\/www.turtle-sanctuary.org\/wp-content\/uploads\/2018\/09\/DSC3767.jpg\" data-title=\"_DSC3767\" title=\"_DSC3767\" rel=\"noreferrer\" data-rel=\"iLightbox[gallery_image_1]\" class=\"fusion-lightbox\" target=\"_self\"><img decoding=\"async\" src=\"http:\/\/www.turtle-sanctuary.org\/wp-content\/uploads\/2018\/09\/DSC3767.jpg\" width=\"1200\" height=\"800\" alt=\"\" title=\"_DSC3767\" aria-label=\"_DSC3767\" class=\"img-responsive wp-image-672\" srcset=\"http:\/\/www.turtle-sanctuary.org\/wp-content\/uploads\/2018\/09\/DSC3767-200x133.jpg 200w, http:\/\/www.turtle-sanctuary.org\/wp-content\/uploads\/2018\/09\/DSC3767-400x267.jpg 400w, http:\/\/www.turtle-sanctuary.org\/wp-content\/uploads\/2018\/09\/DSC3767-600x400.jpg 600w, http:\/\/www.turtle-sanctuary.org\/wp-content\/uploads\/2018\/09\/DSC3767-800x533.jpg 800w, http:\/\/www.turtle-sanctuary.org\/wp-content\/uploads\/2018\/09\/DSC3767.jpg 1200w\" sizes=\"(min-width: 2200px) 100vw, (min-width: 784px) 633px, (min-width: 712px) 784px, (min-width: 640px) 712px, \" \/><\/a><\/div><\/div><div class=\"clearfix\"><\/div><div style=\"padding:10px;\" class=\"fusion-grid-column fusion-gallery-column fusion-gallery-column-3\"><div class=\"fusion-gallery-image fusion-gallery-image-liftup\"><a href=\"http:\/\/www.turtle-sanctuary.org\/wp-content\/uploads\/2018\/09\/DSC3893.jpg\" data-title=\"_DSC3893\" title=\"_DSC3893\" rel=\"noreferrer\" data-rel=\"iLightbox[gallery_image_1]\" class=\"fusion-lightbox\" target=\"_self\"><img decoding=\"async\" src=\"http:\/\/www.turtle-sanctuary.org\/wp-content\/uploads\/2018\/09\/DSC3893.jpg\" width=\"1199\" height=\"800\" alt=\"\" title=\"_DSC3893\" aria-label=\"_DSC3893\" class=\"img-responsive wp-image-674\" srcset=\"http:\/\/www.turtle-sanctuary.org\/wp-content\/uploads\/2018\/09\/DSC3893-200x133.jpg 200w, http:\/\/www.turtle-sanctuary.org\/wp-content\/uploads\/2018\/09\/DSC3893-400x267.jpg 400w, http:\/\/www.turtle-sanctuary.org\/wp-content\/uploads\/2018\/09\/DSC3893-600x400.jpg 600w, http:\/\/www.turtle-sanctuary.org\/wp-content\/uploads\/2018\/09\/DSC3893-800x534.jpg 800w, http:\/\/www.turtle-sanctuary.org\/wp-content\/uploads\/2018\/09\/DSC3893.jpg 1199w\" sizes=\"(min-width: 2200px) 100vw, (min-width: 784px) 633px, (min-width: 712px) 784px, (min-width: 640px) 712px, \" \/><\/a><\/div><\/div><div style=\"padding:10px;\" class=\"fusion-grid-column fusion-gallery-column fusion-gallery-column-3\"><div class=\"fusion-gallery-image fusion-gallery-image-liftup\"><a href=\"http:\/\/www.turtle-sanctuary.org\/wp-content\/uploads\/2018\/09\/DSC3903.jpg\" data-title=\"_DSC3903\" title=\"_DSC3903\" rel=\"noreferrer\" data-rel=\"iLightbox[gallery_image_1]\" class=\"fusion-lightbox\" target=\"_self\"><img decoding=\"async\" src=\"http:\/\/www.turtle-sanctuary.org\/wp-content\/uploads\/2018\/09\/DSC3903.jpg\" width=\"1199\" height=\"800\" alt=\"\" title=\"_DSC3903\" aria-label=\"_DSC3903\" class=\"img-responsive wp-image-676\" srcset=\"http:\/\/www.turtle-sanctuary.org\/wp-content\/uploads\/2018\/09\/DSC3903-200x133.jpg 200w, http:\/\/www.turtle-sanctuary.org\/wp-content\/uploads\/2018\/09\/DSC3903-400x267.jpg 400w, http:\/\/www.turtle-sanctuary.org\/wp-content\/uploads\/2018\/09\/DSC3903-600x400.jpg 600w, http:\/\/www.turtle-sanctuary.org\/wp-content\/uploads\/2018\/09\/DSC3903-800x534.jpg 800w, http:\/\/www.turtle-sanctuary.org\/wp-content\/uploads\/2018\/09\/DSC3903.jpg 1199w\" sizes=\"(min-width: 2200px) 100vw, (min-width: 784px) 633px, (min-width: 712px) 784px, (min-width: 640px) 712px, \" \/><\/a><\/div><\/div><div style=\"padding:10px;\" class=\"fusion-grid-column fusion-gallery-column fusion-gallery-column-3\"><div class=\"fusion-gallery-image fusion-gallery-image-liftup\"><a href=\"http:\/\/www.turtle-sanctuary.org\/wp-content\/uploads\/2018\/09\/DSC3986.jpg\" data-title=\"_DSC3986\" title=\"_DSC3986\" rel=\"noreferrer\" data-rel=\"iLightbox[gallery_image_1]\" class=\"fusion-lightbox\" target=\"_self\"><img decoding=\"async\" src=\"http:\/\/www.turtle-sanctuary.org\/wp-content\/uploads\/2018\/09\/DSC3986.jpg\" width=\"1199\" height=\"800\" alt=\"\" title=\"_DSC3986\" aria-label=\"_DSC3986\" class=\"img-responsive wp-image-678\" srcset=\"http:\/\/www.turtle-sanctuary.org\/wp-content\/uploads\/2018\/09\/DSC3986-200x133.jpg 200w, http:\/\/www.turtle-sanctuary.org\/wp-content\/uploads\/2018\/09\/DSC3986-400x267.jpg 400w, http:\/\/www.turtle-sanctuary.org\/wp-content\/uploads\/2018\/09\/DSC3986-600x400.jpg 600w, http:\/\/www.turtle-sanctuary.org\/wp-content\/uploads\/2018\/09\/DSC3986-800x534.jpg 800w, http:\/\/www.turtle-sanctuary.org\/wp-content\/uploads\/2018\/09\/DSC3986.jpg 1199w\" sizes=\"(min-width: 2200px) 100vw, (min-width: 784px) 633px, (min-width: 712px) 784px, (min-width: 640px) 712px, \" \/><\/a><\/div><\/div><div class=\"clearfix\"><\/div><div style=\"padding:10px;\" class=\"fusion-grid-column fusion-gallery-column fusion-gallery-column-3\"><div class=\"fusion-gallery-image fusion-gallery-image-liftup\"><a href=\"http:\/\/www.turtle-sanctuary.org\/wp-content\/uploads\/2018\/09\/DSC4000.jpg\" data-title=\"_DSC4000\" title=\"_DSC4000\" rel=\"noreferrer\" data-rel=\"iLightbox[gallery_image_1]\" class=\"fusion-lightbox\" target=\"_self\"><img decoding=\"async\" src=\"http:\/\/www.turtle-sanctuary.org\/wp-content\/uploads\/2018\/09\/DSC4000.jpg\" width=\"1199\" height=\"800\" alt=\"\" title=\"_DSC4000\" aria-label=\"_DSC4000\" class=\"img-responsive wp-image-680\" srcset=\"http:\/\/www.turtle-sanctuary.org\/wp-content\/uploads\/2018\/09\/DSC4000-200x133.jpg 200w, http:\/\/www.turtle-sanctuary.org\/wp-content\/uploads\/2018\/09\/DSC4000-400x267.jpg 400w, http:\/\/www.turtle-sanctuary.org\/wp-content\/uploads\/2018\/09\/DSC4000-600x400.jpg 600w, http:\/\/www.turtle-sanctuary.org\/wp-content\/uploads\/2018\/09\/DSC4000-800x534.jpg 800w, http:\/\/www.turtle-sanctuary.org\/wp-content\/uploads\/2018\/09\/DSC4000.jpg 1199w\" sizes=\"(min-width: 2200px) 100vw, (min-width: 784px) 633px, (min-width: 712px) 784px, (min-width: 640px) 712px, \" \/><\/a><\/div><\/div><div style=\"padding:10px;\" class=\"fusion-grid-column fusion-gallery-column fusion-gallery-column-3\"><div class=\"fusion-gallery-image fusion-gallery-image-liftup\"><a href=\"http:\/\/www.turtle-sanctuary.org\/wp-content\/uploads\/2018\/09\/DSC4125.jpg\" data-title=\"_DSC4125\" title=\"_DSC4125\" rel=\"noreferrer\" data-rel=\"iLightbox[gallery_image_1]\" class=\"fusion-lightbox\" target=\"_self\"><img decoding=\"async\" src=\"http:\/\/www.turtle-sanctuary.org\/wp-content\/uploads\/2018\/09\/DSC4125.jpg\" width=\"1199\" height=\"800\" alt=\"\" title=\"_DSC4125\" aria-label=\"_DSC4125\" class=\"img-responsive wp-image-682\" srcset=\"http:\/\/www.turtle-sanctuary.org\/wp-content\/uploads\/2018\/09\/DSC4125-200x133.jpg 200w, http:\/\/www.turtle-sanctuary.org\/wp-content\/uploads\/2018\/09\/DSC4125-400x267.jpg 400w, http:\/\/www.turtle-sanctuary.org\/wp-content\/uploads\/2018\/09\/DSC4125-600x400.jpg 600w, http:\/\/www.turtle-sanctuary.org\/wp-content\/uploads\/2018\/09\/DSC4125-800x534.jpg 800w, http:\/\/www.turtle-sanctuary.org\/wp-content\/uploads\/2018\/09\/DSC4125.jpg 1199w\" sizes=\"(min-width: 2200px) 100vw, (min-width: 784px) 633px, (min-width: 712px) 784px, (min-width: 640px) 712px, \" \/><\/a><\/div><\/div><\/div><\/div><div class=\"fusion-clearfix\"><\/div><\/div><\/div><\/div><\/div><\/p>\n","protected":false},"excerpt":{"rendered":"","protected":false},"author":1,"featured_media":0,"parent":1396,"menu_order":0,"comment_status":"closed","ping_status":"closed","template":"","meta":{"footnotes":""},"class_list":["post-1442","page","type-page","status-publish","hentry"],"yoast_head":"<!-- This site is optimized with the Yoast SEO plugin v26.6 - https:\/\/yoast.com\/wordpress\/plugins\/seo\/ -->\n<title>D\u1ef1 \u00e1n Geoemyda spengleri - Turtle Sanctuary Conservation Center<\/title>\n<meta name=\"robots\" content=\"index, follow, max-snippet:-1, max-image-preview:large, max-video-preview:-1\" \/>\n<link rel=\"canonical\" href=\"http:\/\/www.turtle-sanctuary.org\/vi\/hoat-dong\/project-geoemyda-spengleri\/\" \/>\n<meta property=\"og:locale\" content=\"vi_VN\" \/>\n<meta property=\"og:type\" content=\"article\" \/>\n<meta property=\"og:title\" content=\"D\u1ef1 \u00e1n Geoemyda spengleri - Turtle Sanctuary Conservation Center\" \/>\n<meta property=\"og:url\" content=\"http:\/\/www.turtle-sanctuary.org\/vi\/hoat-dong\/project-geoemyda-spengleri\/\" \/>\n<meta property=\"og:site_name\" content=\"Turtle Sanctuary Conservation Center\" \/>\n<meta property=\"article:modified_time\" content=\"2018-11-21T15:47:36+00:00\" \/>\n<meta property=\"og:image\" content=\"http:\/\/www.turtle-sanctuary.org\/wp-content\/uploads\/2018\/10\/Sans-titre-3.jpg\" \/>\n\t<meta property=\"og:image:width\" content=\"2109\" \/>\n\t<meta property=\"og:image:height\" content=\"1054\" \/>\n\t<meta property=\"og:image:type\" content=\"image\/jpeg\" \/>\n<meta name=\"twitter:card\" content=\"summary_large_image\" \/>\n<meta name=\"twitter:label1\" content=\"Est. reading time\" \/>\n\t<meta name=\"twitter:data1\" content=\"6 minutes\" \/>\n<script type=\"application\/ld+json\" class=\"yoast-schema-graph\">{\"@context\":\"https:\/\/schema.org\",\"@graph\":[{\"@type\":\"WebPage\",\"@id\":\"http:\/\/www.turtle-sanctuary.org\/vi\/hoat-dong\/project-geoemyda-spengleri\/\",\"url\":\"http:\/\/www.turtle-sanctuary.org\/vi\/hoat-dong\/project-geoemyda-spengleri\/\",\"name\":\"D\u1ef1 \u00e1n Geoemyda spengleri - Turtle Sanctuary Conservation Center\",\"isPartOf\":{\"@id\":\"http:\/\/www.turtle-sanctuary.org\/vi\/#website\"},\"datePublished\":\"2018-09-17T16:01:28+00:00\",\"dateModified\":\"2018-11-21T15:47:36+00:00\",\"breadcrumb\":{\"@id\":\"http:\/\/www.turtle-sanctuary.org\/vi\/hoat-dong\/project-geoemyda-spengleri\/#breadcrumb\"},\"inLanguage\":\"vi-VN\",\"potentialAction\":[{\"@type\":\"ReadAction\",\"target\":[\"http:\/\/www.turtle-sanctuary.org\/vi\/hoat-dong\/project-geoemyda-spengleri\/\"]}]},{\"@type\":\"BreadcrumbList\",\"@id\":\"http:\/\/www.turtle-sanctuary.org\/vi\/hoat-dong\/project-geoemyda-spengleri\/#breadcrumb\",\"itemListElement\":[{\"@type\":\"ListItem\",\"position\":1,\"name\":\"Accueil\",\"item\":\"https:\/\/www.turtle-sanctuary.org\/vi\/\"},{\"@type\":\"ListItem\",\"position\":2,\"name\":\"Ho\u1ea1t \u0111\u1ed9ng\",\"item\":\"http:\/\/www.turtle-sanctuary.org\/vi\/hoat-dong\/\"},{\"@type\":\"ListItem\",\"position\":3,\"name\":\"D\u1ef1 \u00e1n Geoemyda spengleri\"}]},{\"@type\":\"WebSite\",\"@id\":\"http:\/\/www.turtle-sanctuary.org\/vi\/#website\",\"url\":\"http:\/\/www.turtle-sanctuary.org\/vi\/\",\"name\":\"Turtle Sanctuary Conservation Center\",\"description\":\"\",\"potentialAction\":[{\"@type\":\"SearchAction\",\"target\":{\"@type\":\"EntryPoint\",\"urlTemplate\":\"http:\/\/www.turtle-sanctuary.org\/vi\/?s={search_term_string}\"},\"query-input\":{\"@type\":\"PropertyValueSpecification\",\"valueRequired\":true,\"valueName\":\"search_term_string\"}}],\"inLanguage\":\"vi-VN\"}]}<\/script>\n<!-- \/ Yoast SEO plugin. -->","yoast_head_json":{"title":"D\u1ef1 \u00e1n Geoemyda spengleri - Turtle Sanctuary Conservation Center","robots":{"index":"index","follow":"follow","max-snippet":"max-snippet:-1","max-image-preview":"max-image-preview:large","max-video-preview":"max-video-preview:-1"},"canonical":"http:\/\/www.turtle-sanctuary.org\/vi\/hoat-dong\/project-geoemyda-spengleri\/","og_locale":"vi_VN","og_type":"article","og_title":"D\u1ef1 \u00e1n Geoemyda spengleri - Turtle Sanctuary Conservation Center","og_url":"http:\/\/www.turtle-sanctuary.org\/vi\/hoat-dong\/project-geoemyda-spengleri\/","og_site_name":"Turtle Sanctuary Conservation Center","article_modified_time":"2018-11-21T15:47:36+00:00","og_image":[{"width":2109,"height":1054,"url":"http:\/\/www.turtle-sanctuary.org\/wp-content\/uploads\/2018\/10\/Sans-titre-3.jpg","type":"image\/jpeg"}],"twitter_card":"summary_large_image","twitter_misc":{"Est. reading time":"6 minutes"},"schema":{"@context":"https:\/\/schema.org","@graph":[{"@type":"WebPage","@id":"http:\/\/www.turtle-sanctuary.org\/vi\/hoat-dong\/project-geoemyda-spengleri\/","url":"http:\/\/www.turtle-sanctuary.org\/vi\/hoat-dong\/project-geoemyda-spengleri\/","name":"D\u1ef1 \u00e1n Geoemyda spengleri - Turtle Sanctuary Conservation Center","isPartOf":{"@id":"http:\/\/www.turtle-sanctuary.org\/vi\/#website"},"datePublished":"2018-09-17T16:01:28+00:00","dateModified":"2018-11-21T15:47:36+00:00","breadcrumb":{"@id":"http:\/\/www.turtle-sanctuary.org\/vi\/hoat-dong\/project-geoemyda-spengleri\/#breadcrumb"},"inLanguage":"vi-VN","potentialAction":[{"@type":"ReadAction","target":["http:\/\/www.turtle-sanctuary.org\/vi\/hoat-dong\/project-geoemyda-spengleri\/"]}]},{"@type":"BreadcrumbList","@id":"http:\/\/www.turtle-sanctuary.org\/vi\/hoat-dong\/project-geoemyda-spengleri\/#breadcrumb","itemListElement":[{"@type":"ListItem","position":1,"name":"Accueil","item":"https:\/\/www.turtle-sanctuary.org\/vi\/"},{"@type":"ListItem","position":2,"name":"Ho\u1ea1t \u0111\u1ed9ng","item":"http:\/\/www.turtle-sanctuary.org\/vi\/hoat-dong\/"},{"@type":"ListItem","position":3,"name":"D\u1ef1 \u00e1n Geoemyda spengleri"}]},{"@type":"WebSite","@id":"http:\/\/www.turtle-sanctuary.org\/vi\/#website","url":"http:\/\/www.turtle-sanctuary.org\/vi\/","name":"Turtle Sanctuary Conservation Center","description":"","potentialAction":[{"@type":"SearchAction","target":{"@type":"EntryPoint","urlTemplate":"http:\/\/www.turtle-sanctuary.org\/vi\/?s={search_term_string}"},"query-input":{"@type":"PropertyValueSpecification","valueRequired":true,"valueName":"search_term_string"}}],"inLanguage":"vi-VN"}]}},"_links":{"self":[{"href":"http:\/\/www.turtle-sanctuary.org\/vi\/wp-json\/wp\/v2\/pages\/1442","targetHints":{"allow":["GET"]}}],"collection":[{"href":"http:\/\/www.turtle-sanctuary.org\/vi\/wp-json\/wp\/v2\/pages"}],"about":[{"href":"http:\/\/www.turtle-sanctuary.org\/vi\/wp-json\/wp\/v2\/types\/page"}],"author":[{"embeddable":true,"href":"http:\/\/www.turtle-sanctuary.org\/vi\/wp-json\/wp\/v2\/users\/1"}],"replies":[{"embeddable":true,"href":"http:\/\/www.turtle-sanctuary.org\/vi\/wp-json\/wp\/v2\/comments?post=1442"}],"version-history":[{"count":3,"href":"http:\/\/www.turtle-sanctuary.org\/vi\/wp-json\/wp\/v2\/pages\/1442\/revisions"}],"predecessor-version":[{"id":1629,"href":"http:\/\/www.turtle-sanctuary.org\/vi\/wp-json\/wp\/v2\/pages\/1442\/revisions\/1629"}],"up":[{"embeddable":true,"href":"http:\/\/www.turtle-sanctuary.org\/vi\/wp-json\/wp\/v2\/pages\/1396"}],"wp:attachment":[{"href":"http:\/\/www.turtle-sanctuary.org\/vi\/wp-json\/wp\/v2\/media?parent=1442"}],"curies":[{"name":"wp","href":"https:\/\/api.w.org\/{rel}","templated":true}]}}