{"id":1525,"date":"2018-09-28T13:28:24","date_gmt":"2018-09-28T11:28:24","guid":{"rendered":"http:\/\/www.turtle-sanctuary.org\/?page_id=1525"},"modified":"2026-01-07T17:19:53","modified_gmt":"2026-01-07T16:19:53","slug":"cuora-picturata","status":"publish","type":"page","link":"http:\/\/www.turtle-sanctuary.org\/vi\/loai-quan-tam\/cuora-picturata\/","title":{"rendered":"<em>Cuora picturata<\/em>"},"content":{"rendered":"<p><div class=\"fusion-fullwidth fullwidth-box fusion-builder-row-1 nonhundred-percent-fullwidth non-hundred-percent-height-scrolling\" style=\"--awb-border-radius-top-left:0px;--awb-border-radius-top-right:0px;--awb-border-radius-bottom-right:0px;--awb-border-radius-bottom-left:0px;--awb-padding-right:0px;--awb-padding-left:0px;--awb-flex-wrap:wrap;\" ><div class=\"fusion-builder-row fusion-row\"><div class=\"fusion-layout-column fusion_builder_column fusion-builder-column-0 fusion_builder_column_1_1 1_1 fusion-one-full fusion-column-first fusion-column-last\" style=\"--awb-bg-size:cover;\"><div class=\"fusion-column-wrapper fusion-flex-column-wrapper-legacy\"><div class=\"fusion-image-element fusion-image-align-center in-legacy-container\" style=\"text-align:center;--awb-max-width:100%;--awb-caption-title-font-family:var(--h2_typography-font-family);--awb-caption-title-font-weight:var(--h2_typography-font-weight);--awb-caption-title-font-style:var(--h2_typography-font-style);--awb-caption-title-size:var(--h2_typography-font-size);--awb-caption-title-transform:var(--h2_typography-text-transform);--awb-caption-title-line-height:var(--h2_typography-line-height);--awb-caption-title-letter-spacing:var(--h2_typography-letter-spacing);\"><div class=\"imageframe-align-center\"><span class=\" fusion-imageframe imageframe-none imageframe-1 hover-type-none ban\"><img decoding=\"async\" width=\"2500\" height=\"938\" alt=\"Cuora picturata*\" src=\"http:\/\/www.turtle-sanctuary.org\/wp-content\/uploads\/2018\/09\/ban-6.jpg\" class=\"img-responsive wp-image-1526\" srcset=\"http:\/\/www.turtle-sanctuary.org\/wp-content\/uploads\/2018\/09\/ban-6-200x75.jpg 200w, http:\/\/www.turtle-sanctuary.org\/wp-content\/uploads\/2018\/09\/ban-6-400x150.jpg 400w, http:\/\/www.turtle-sanctuary.org\/wp-content\/uploads\/2018\/09\/ban-6-600x225.jpg 600w, http:\/\/www.turtle-sanctuary.org\/wp-content\/uploads\/2018\/09\/ban-6-800x300.jpg 800w, http:\/\/www.turtle-sanctuary.org\/wp-content\/uploads\/2018\/09\/ban-6-1200x450.jpg 1200w, http:\/\/www.turtle-sanctuary.org\/wp-content\/uploads\/2018\/09\/ban-6.jpg 2500w\" sizes=\"(max-width: 1280px) 100vw, 2500px\" \/><\/span><\/div><\/div><div class=\"fusion-text fusion-text-1 titre\"><p><em>Cuora picturata<\/em><\/p>\n<\/div><div class=\"fusion-clearfix\"><\/div><\/div><\/div><\/div><\/div><div class=\"fusion-fullwidth fullwidth-box fusion-builder-row-2 nonhundred-percent-fullwidth non-hundred-percent-height-scrolling\" style=\"--awb-border-radius-top-left:0px;--awb-border-radius-top-right:0px;--awb-border-radius-bottom-right:0px;--awb-border-radius-bottom-left:0px;--awb-flex-wrap:wrap;\" ><div class=\"fusion-builder-row fusion-row\"><div class=\"fusion-layout-column fusion_builder_column fusion-builder-column-1 fusion_builder_column_3_5 3_5 fusion-three-fifth fusion-column-first\" style=\"--awb-bg-size:cover;width:60%;width:calc(60% - ( ( 4% ) * 0.6 ) );margin-right: 4%;\"><div class=\"fusion-column-wrapper fusion-flex-column-wrapper-legacy\"><div class=\"fusion-text fusion-text-2 texte-missions\"><p align=\"justify\">C\u00f3 ph\u00e2n b\u1ed1 h\u1eb9p h\u01a1n r\u1ea5t nhi\u1ec1u so v\u1edbi hai lo\u00e0i anh em R\u00f9a h\u1ed9p tr\u00e1n v\u00e0ng mi\u1ec1n B\u1eafc (Cuora galbinifrons) v\u00e0 r\u00f9a h\u1ed9p tr\u00e1n v\u00e0ng mi\u1ec1n Trung (Cuora bourreti), v\u00e0 \u0111\u01b0\u1ee3c xem nh\u01b0 l\u00e0 lo\u00e0i \u0111\u1eb7c h\u1eefu cho Vi\u1ec7t Nam, lo\u00e0i r\u00f9a h\u1ed9p tr\u00e1n v\u00e0ng mi\u1ec1n Nam \u0111\u01b0\u1ee3c xem l\u00e0 nguy c\u1ea5p h\u01a1n h\u1eb3n trong ba lo\u00e0i r\u00f9a h\u1ed9p.<\/p>\n<p align=\"justify\">S\u0103n b\u1eaft v\u00e0 m\u1ea5t m\u00f4i tr\u01b0\u1eddng s\u1ed1ng do m\u1ea5t r\u1eebng l\u00e0 nguy\u00ean nh\u00e2n ch\u00ednh khi\u1ebfn s\u1ed1 l\u01b0\u1ee3ng qu\u1ea7n th\u1ec3 lo\u00e0i b\u1ecb suy gi\u1ea3m m\u1ed9t c\u00e1ch c\u1ef1c k\u1ef3 nghi\u00eam tr\u1ecdng.<\/p>\n<p align=\"justify\">Theo quan s\u00e1t c\u1ee7a ch\u00fang t\u00f4i, lo\u00e0i r\u00f9a n\u00e0y c\u00f3 th\u1ec3 \u0111\u00e3 b\u1ecb tuy\u1ec7t ch\u1ee7ng ngo\u00e0i t\u1ef1 nhi\u00ean.<\/p>\n<p align=\"justify\">M\u1ed9t \u0111i\u1ec1u \u0111\u00e1ng bu\u1ed3n l\u00e0, m\u00f4i tr\u01b0\u1eddng s\u1ed1ng n\u01a1i c\u00f3 ghi nh\u1eadn lo\u00e0i \u0111\u00e3 b\u1ecb ch\u00e1y g\u1ea7n nh\u01b0 ho\u00e0n to\u00e0n v\u00e0o n\u0103m 2014.<\/p>\n<p align=\"justify\">M\u1eb7c d\u00f9 v\u1eady, lo\u00e0i r\u00f9a h\u1ed9p tr\u00e1n v\u00e0ng mi\u1ec1n Nam v\u1eabn b\u1ecb s\u0103n \u0111\u00f3n nhi\u1ec1u nh\u1ea5t trong bu\u00f4n b\u00e1n tr\u00e1i ph\u00e9p \u1edf th\u1ecb tr\u01b0\u1eddng Trung Qu\u1ed1c.<\/p>\n<\/div><div class=\"fusion-clearfix\"><\/div><\/div><\/div><div class=\"fusion-layout-column fusion_builder_column fusion-builder-column-2 fusion_builder_column_2_5 2_5 fusion-two-fifth fusion-column-last\" style=\"--awb-padding-top:20px;--awb-padding-right:20px;--awb-padding-bottom:20px;--awb-padding-left:20px;--awb-bg-color:#f7f7f7;--awb-bg-color-hover:#f7f7f7;--awb-bg-size:cover;width:40%;width:calc(40% - ( ( 4% ) * 0.4 ) );\"><div class=\"fusion-column-wrapper fusion-flex-column-wrapper-legacy\"><div class=\"fusion-text fusion-text-3\"><p><strong>Lo\u00e0i:<\/strong> R\u00f9a h\u1ed9p tr\u00e1n v\u00e0ng mi\u1ec1n Nam <em>Cuora picturata<\/em>\u00a0(Lehr,Fritz, Obst 1998)<\/p>\n<p><strong>T\u00ecnh tr\u1ea1ng b\u1ea3o t\u1ed3n:<\/strong><br \/>\nC\u00f4ng \u01b0\u1edbc CITES: Ph\u1ee5 L\u1ee5c I<br \/>\nUE\u00a0: A<br \/>\nDanh l\u1ee5c \u0111\u1ecf c\u1ee7a IUCN: C\u1ef1c k\u1ef3 nguy c\u1ea5p (CR)<\/p>\n<p><strong>Ph\u00e2n b\u1ed1:<\/strong> Vi\u1ec7t Nam (Binh Dinh, Phu Yen, Dak Lac, Khanh Hoa)<\/p>\n<\/div><div class=\"fusion-clearfix\"><\/div><\/div><\/div><div class=\"fusion-layout-column fusion_builder_column fusion-builder-column-3 fusion_builder_column_1_1 1_1 fusion-one-full fusion-column-first fusion-column-last\" style=\"--awb-bg-size:cover;\"><div class=\"fusion-column-wrapper fusion-flex-column-wrapper-legacy\"><div class=\"awb-gallery-wrapper awb-gallery-wrapper-1 button-span-no\"><div style=\"margin:-10px;--awb-bordersize:0px;\" class=\"fusion-gallery fusion-gallery-container fusion-grid-3 fusion-columns-total-8 fusion-gallery-layout-grid fusion-gallery-1\"><div style=\"padding:10px;\" class=\"fusion-grid-column fusion-gallery-column fusion-gallery-column-3\"><div class=\"fusion-gallery-image fusion-gallery-image-liftup\"><a href=\"http:\/\/www.turtle-sanctuary.org\/wp-content\/uploads\/2018\/09\/IMG_5912.jpg\" rel=\"noreferrer\" data-rel=\"iLightbox[gallery_image_1]\" class=\"fusion-lightbox\" target=\"_self\"><img decoding=\"async\" src=\"http:\/\/www.turtle-sanctuary.org\/wp-content\/uploads\/2018\/09\/IMG_5912.jpg\" width=\"1200\" height=\"800\" alt=\"\" title=\"\" aria-label=\"\" class=\"img-responsive wp-image-1533\" srcset=\"http:\/\/www.turtle-sanctuary.org\/wp-content\/uploads\/2018\/09\/IMG_5912-200x133.jpg 200w, http:\/\/www.turtle-sanctuary.org\/wp-content\/uploads\/2018\/09\/IMG_5912-400x267.jpg 400w, http:\/\/www.turtle-sanctuary.org\/wp-content\/uploads\/2018\/09\/IMG_5912-600x400.jpg 600w, http:\/\/www.turtle-sanctuary.org\/wp-content\/uploads\/2018\/09\/IMG_5912-800x533.jpg 800w, http:\/\/www.turtle-sanctuary.org\/wp-content\/uploads\/2018\/09\/IMG_5912.jpg 1200w\" sizes=\"(min-width: 2200px) 100vw, (min-width: 784px) 633px, (min-width: 712px) 784px, (min-width: 640px) 712px, \" \/><\/a><\/div><\/div><div style=\"padding:10px;\" class=\"fusion-grid-column fusion-gallery-column fusion-gallery-column-3\"><div class=\"fusion-gallery-image fusion-gallery-image-liftup\"><a href=\"http:\/\/www.turtle-sanctuary.org\/wp-content\/uploads\/2018\/09\/IMG_5910.jpg\" rel=\"noreferrer\" data-rel=\"iLightbox[gallery_image_1]\" class=\"fusion-lightbox\" target=\"_self\"><img decoding=\"async\" src=\"http:\/\/www.turtle-sanctuary.org\/wp-content\/uploads\/2018\/09\/IMG_5910.jpg\" width=\"1200\" height=\"800\" alt=\"\" title=\"\" aria-label=\"\" class=\"img-responsive wp-image-1532\" srcset=\"http:\/\/www.turtle-sanctuary.org\/wp-content\/uploads\/2018\/09\/IMG_5910-200x133.jpg 200w, http:\/\/www.turtle-sanctuary.org\/wp-content\/uploads\/2018\/09\/IMG_5910-400x267.jpg 400w, http:\/\/www.turtle-sanctuary.org\/wp-content\/uploads\/2018\/09\/IMG_5910-600x400.jpg 600w, http:\/\/www.turtle-sanctuary.org\/wp-content\/uploads\/2018\/09\/IMG_5910-800x533.jpg 800w, http:\/\/www.turtle-sanctuary.org\/wp-content\/uploads\/2018\/09\/IMG_5910.jpg 1200w\" sizes=\"(min-width: 2200px) 100vw, (min-width: 784px) 633px, (min-width: 712px) 784px, (min-width: 640px) 712px, \" \/><\/a><\/div><\/div><div style=\"padding:10px;\" class=\"fusion-grid-column fusion-gallery-column fusion-gallery-column-3\"><div class=\"fusion-gallery-image fusion-gallery-image-liftup\"><a href=\"http:\/\/www.turtle-sanctuary.org\/wp-content\/uploads\/2018\/09\/IMG_5395.jpg\" rel=\"noreferrer\" data-rel=\"iLightbox[gallery_image_1]\" class=\"fusion-lightbox\" target=\"_self\"><img decoding=\"async\" src=\"http:\/\/www.turtle-sanctuary.org\/wp-content\/uploads\/2018\/09\/IMG_5395.jpg\" width=\"1200\" height=\"800\" alt=\"\" title=\"\" aria-label=\"\" class=\"img-responsive wp-image-1531\" srcset=\"http:\/\/www.turtle-sanctuary.org\/wp-content\/uploads\/2018\/09\/IMG_5395-200x133.jpg 200w, http:\/\/www.turtle-sanctuary.org\/wp-content\/uploads\/2018\/09\/IMG_5395-400x267.jpg 400w, http:\/\/www.turtle-sanctuary.org\/wp-content\/uploads\/2018\/09\/IMG_5395-600x400.jpg 600w, http:\/\/www.turtle-sanctuary.org\/wp-content\/uploads\/2018\/09\/IMG_5395-800x533.jpg 800w, http:\/\/www.turtle-sanctuary.org\/wp-content\/uploads\/2018\/09\/IMG_5395.jpg 1200w\" sizes=\"(min-width: 2200px) 100vw, (min-width: 784px) 633px, (min-width: 712px) 784px, (min-width: 640px) 712px, \" \/><\/a><\/div><\/div><div class=\"clearfix\"><\/div><div style=\"padding:10px;\" class=\"fusion-grid-column fusion-gallery-column fusion-gallery-column-3\"><div class=\"fusion-gallery-image fusion-gallery-image-liftup\"><a href=\"http:\/\/www.turtle-sanctuary.org\/wp-content\/uploads\/2018\/09\/IMG_5931.jpg\" rel=\"noreferrer\" data-rel=\"iLightbox[gallery_image_1]\" class=\"fusion-lightbox\" target=\"_self\"><img decoding=\"async\" src=\"http:\/\/www.turtle-sanctuary.org\/wp-content\/uploads\/2018\/09\/IMG_5931.jpg\" width=\"1200\" height=\"800\" alt=\"\" title=\"\" aria-label=\"\" class=\"img-responsive wp-image-1527\" srcset=\"http:\/\/www.turtle-sanctuary.org\/wp-content\/uploads\/2018\/09\/IMG_5931-200x133.jpg 200w, http:\/\/www.turtle-sanctuary.org\/wp-content\/uploads\/2018\/09\/IMG_5931-400x267.jpg 400w, http:\/\/www.turtle-sanctuary.org\/wp-content\/uploads\/2018\/09\/IMG_5931-600x400.jpg 600w, http:\/\/www.turtle-sanctuary.org\/wp-content\/uploads\/2018\/09\/IMG_5931-800x533.jpg 800w, http:\/\/www.turtle-sanctuary.org\/wp-content\/uploads\/2018\/09\/IMG_5931.jpg 1200w\" sizes=\"(min-width: 2200px) 100vw, (min-width: 784px) 633px, (min-width: 712px) 784px, (min-width: 640px) 712px, \" \/><\/a><\/div><\/div><div style=\"padding:10px;\" class=\"fusion-grid-column fusion-gallery-column fusion-gallery-column-3\"><div class=\"fusion-gallery-image fusion-gallery-image-liftup\"><a href=\"http:\/\/www.turtle-sanctuary.org\/wp-content\/uploads\/2018\/09\/IMG_5930.jpg\" rel=\"noreferrer\" data-rel=\"iLightbox[gallery_image_1]\" class=\"fusion-lightbox\" target=\"_self\"><img decoding=\"async\" src=\"http:\/\/www.turtle-sanctuary.org\/wp-content\/uploads\/2018\/09\/IMG_5930.jpg\" width=\"1200\" height=\"800\" alt=\"\" title=\"\" aria-label=\"\" class=\"img-responsive wp-image-1534\" srcset=\"http:\/\/www.turtle-sanctuary.org\/wp-content\/uploads\/2018\/09\/IMG_5930-200x133.jpg 200w, http:\/\/www.turtle-sanctuary.org\/wp-content\/uploads\/2018\/09\/IMG_5930-400x267.jpg 400w, http:\/\/www.turtle-sanctuary.org\/wp-content\/uploads\/2018\/09\/IMG_5930-600x400.jpg 600w, http:\/\/www.turtle-sanctuary.org\/wp-content\/uploads\/2018\/09\/IMG_5930-800x533.jpg 800w, http:\/\/www.turtle-sanctuary.org\/wp-content\/uploads\/2018\/09\/IMG_5930.jpg 1200w\" sizes=\"(min-width: 2200px) 100vw, (min-width: 784px) 633px, (min-width: 712px) 784px, (min-width: 640px) 712px, \" \/><\/a><\/div><\/div><div style=\"padding:10px;\" class=\"fusion-grid-column fusion-gallery-column fusion-gallery-column-3\"><div class=\"fusion-gallery-image fusion-gallery-image-liftup\"><a href=\"http:\/\/www.turtle-sanctuary.org\/wp-content\/uploads\/2018\/09\/IMG_5345.jpg\" rel=\"noreferrer\" data-rel=\"iLightbox[gallery_image_1]\" class=\"fusion-lightbox\" target=\"_self\"><img decoding=\"async\" src=\"http:\/\/www.turtle-sanctuary.org\/wp-content\/uploads\/2018\/09\/IMG_5345.jpg\" width=\"1200\" height=\"800\" alt=\"\" title=\"\" aria-label=\"\" class=\"img-responsive wp-image-1528\" srcset=\"http:\/\/www.turtle-sanctuary.org\/wp-content\/uploads\/2018\/09\/IMG_5345-200x133.jpg 200w, http:\/\/www.turtle-sanctuary.org\/wp-content\/uploads\/2018\/09\/IMG_5345-400x267.jpg 400w, http:\/\/www.turtle-sanctuary.org\/wp-content\/uploads\/2018\/09\/IMG_5345-600x400.jpg 600w, http:\/\/www.turtle-sanctuary.org\/wp-content\/uploads\/2018\/09\/IMG_5345-800x533.jpg 800w, http:\/\/www.turtle-sanctuary.org\/wp-content\/uploads\/2018\/09\/IMG_5345.jpg 1200w\" sizes=\"(min-width: 2200px) 100vw, (min-width: 784px) 633px, (min-width: 712px) 784px, (min-width: 640px) 712px, \" \/><\/a><\/div><\/div><div class=\"clearfix\"><\/div><div style=\"padding:10px;\" class=\"fusion-grid-column fusion-gallery-column fusion-gallery-column-3\"><div class=\"fusion-gallery-image fusion-gallery-image-liftup\"><a href=\"http:\/\/www.turtle-sanctuary.org\/wp-content\/uploads\/2018\/09\/IMG_5347.jpg\" rel=\"noreferrer\" data-rel=\"iLightbox[gallery_image_1]\" class=\"fusion-lightbox\" target=\"_self\"><img decoding=\"async\" src=\"http:\/\/www.turtle-sanctuary.org\/wp-content\/uploads\/2018\/09\/IMG_5347.jpg\" width=\"1200\" height=\"800\" alt=\"\" title=\"\" aria-label=\"\" class=\"img-responsive wp-image-1529\" srcset=\"http:\/\/www.turtle-sanctuary.org\/wp-content\/uploads\/2018\/09\/IMG_5347-200x133.jpg 200w, http:\/\/www.turtle-sanctuary.org\/wp-content\/uploads\/2018\/09\/IMG_5347-400x267.jpg 400w, http:\/\/www.turtle-sanctuary.org\/wp-content\/uploads\/2018\/09\/IMG_5347-600x400.jpg 600w, http:\/\/www.turtle-sanctuary.org\/wp-content\/uploads\/2018\/09\/IMG_5347-800x533.jpg 800w, http:\/\/www.turtle-sanctuary.org\/wp-content\/uploads\/2018\/09\/IMG_5347.jpg 1200w\" sizes=\"(min-width: 2200px) 100vw, (min-width: 784px) 633px, (min-width: 712px) 784px, (min-width: 640px) 712px, \" \/><\/a><\/div><\/div><div style=\"padding:10px;\" class=\"fusion-grid-column fusion-gallery-column fusion-gallery-column-3\"><div class=\"fusion-gallery-image fusion-gallery-image-liftup\"><a href=\"http:\/\/www.turtle-sanctuary.org\/wp-content\/uploads\/2018\/09\/IMG_5352.jpg\" rel=\"noreferrer\" data-rel=\"iLightbox[gallery_image_1]\" class=\"fusion-lightbox\" target=\"_self\"><img decoding=\"async\" src=\"http:\/\/www.turtle-sanctuary.org\/wp-content\/uploads\/2018\/09\/IMG_5352.jpg\" width=\"1200\" height=\"800\" alt=\"\" title=\"\" aria-label=\"\" class=\"img-responsive wp-image-1530\" srcset=\"http:\/\/www.turtle-sanctuary.org\/wp-content\/uploads\/2018\/09\/IMG_5352-200x133.jpg 200w, http:\/\/www.turtle-sanctuary.org\/wp-content\/uploads\/2018\/09\/IMG_5352-400x267.jpg 400w, http:\/\/www.turtle-sanctuary.org\/wp-content\/uploads\/2018\/09\/IMG_5352-600x400.jpg 600w, http:\/\/www.turtle-sanctuary.org\/wp-content\/uploads\/2018\/09\/IMG_5352-800x533.jpg 800w, http:\/\/www.turtle-sanctuary.org\/wp-content\/uploads\/2018\/09\/IMG_5352.jpg 1200w\" sizes=\"(min-width: 2200px) 100vw, (min-width: 784px) 633px, (min-width: 712px) 784px, (min-width: 640px) 712px, \" \/><\/a><\/div><\/div><\/div><\/div><div class=\"fusion-clearfix\"><\/div><\/div><\/div><\/div><\/div><\/p>\n","protected":false},"excerpt":{"rendered":"","protected":false},"author":1,"featured_media":0,"parent":1483,"menu_order":0,"comment_status":"closed","ping_status":"closed","template":"","meta":{"footnotes":""},"class_list":["post-1525","page","type-page","status-publish","hentry"],"yoast_head":"<!-- This site is optimized with the Yoast SEO plugin v26.6 - https:\/\/yoast.com\/wordpress\/plugins\/seo\/ -->\n<title>Cuora picturata - Turtle Sanctuary Conservation Center<\/title>\n<meta name=\"robots\" content=\"index, follow, max-snippet:-1, max-image-preview:large, max-video-preview:-1\" \/>\n<link rel=\"canonical\" href=\"http:\/\/www.turtle-sanctuary.org\/vi\/loai-quan-tam\/cuora-picturata\/\" \/>\n<meta property=\"og:locale\" content=\"vi_VN\" \/>\n<meta property=\"og:type\" content=\"article\" \/>\n<meta property=\"og:title\" content=\"Cuora picturata - Turtle Sanctuary Conservation Center\" \/>\n<meta property=\"og:url\" content=\"http:\/\/www.turtle-sanctuary.org\/vi\/loai-quan-tam\/cuora-picturata\/\" \/>\n<meta property=\"og:site_name\" content=\"Turtle Sanctuary Conservation Center\" \/>\n<meta property=\"article:modified_time\" content=\"2026-01-07T16:19:53+00:00\" \/>\n<meta property=\"og:image\" content=\"http:\/\/www.turtle-sanctuary.org\/wp-content\/uploads\/2018\/10\/Sans-titre-3.jpg\" \/>\n\t<meta property=\"og:image:width\" content=\"2109\" \/>\n\t<meta property=\"og:image:height\" content=\"1054\" \/>\n\t<meta property=\"og:image:type\" content=\"image\/jpeg\" \/>\n<meta name=\"twitter:card\" content=\"summary_large_image\" \/>\n<meta name=\"twitter:label1\" content=\"Est. reading time\" \/>\n\t<meta name=\"twitter:data1\" content=\"3 minutes\" \/>\n<script type=\"application\/ld+json\" class=\"yoast-schema-graph\">{\"@context\":\"https:\/\/schema.org\",\"@graph\":[{\"@type\":\"WebPage\",\"@id\":\"http:\/\/www.turtle-sanctuary.org\/vi\/loai-quan-tam\/cuora-picturata\/\",\"url\":\"http:\/\/www.turtle-sanctuary.org\/vi\/loai-quan-tam\/cuora-picturata\/\",\"name\":\"Cuora picturata - Turtle Sanctuary Conservation Center\",\"isPartOf\":{\"@id\":\"http:\/\/www.turtle-sanctuary.org\/vi\/#website\"},\"datePublished\":\"2018-09-28T11:28:24+00:00\",\"dateModified\":\"2026-01-07T16:19:53+00:00\",\"breadcrumb\":{\"@id\":\"http:\/\/www.turtle-sanctuary.org\/vi\/loai-quan-tam\/cuora-picturata\/#breadcrumb\"},\"inLanguage\":\"vi-VN\",\"potentialAction\":[{\"@type\":\"ReadAction\",\"target\":[\"http:\/\/www.turtle-sanctuary.org\/vi\/loai-quan-tam\/cuora-picturata\/\"]}]},{\"@type\":\"BreadcrumbList\",\"@id\":\"http:\/\/www.turtle-sanctuary.org\/vi\/loai-quan-tam\/cuora-picturata\/#breadcrumb\",\"itemListElement\":[{\"@type\":\"ListItem\",\"position\":1,\"name\":\"Accueil\",\"item\":\"https:\/\/www.turtle-sanctuary.org\/vi\/\"},{\"@type\":\"ListItem\",\"position\":2,\"name\":\"Lo\u00e0i quan t\u00e2m\",\"item\":\"https:\/\/www.turtle-sanctuary.org\/vi\/loai-quan-tam\/\"},{\"@type\":\"ListItem\",\"position\":3,\"name\":\"Cuora picturata\"}]},{\"@type\":\"WebSite\",\"@id\":\"http:\/\/www.turtle-sanctuary.org\/vi\/#website\",\"url\":\"http:\/\/www.turtle-sanctuary.org\/vi\/\",\"name\":\"Turtle Sanctuary Conservation Center\",\"description\":\"\",\"potentialAction\":[{\"@type\":\"SearchAction\",\"target\":{\"@type\":\"EntryPoint\",\"urlTemplate\":\"http:\/\/www.turtle-sanctuary.org\/vi\/?s={search_term_string}\"},\"query-input\":{\"@type\":\"PropertyValueSpecification\",\"valueRequired\":true,\"valueName\":\"search_term_string\"}}],\"inLanguage\":\"vi-VN\"}]}<\/script>\n<!-- \/ Yoast SEO plugin. -->","yoast_head_json":{"title":"Cuora picturata - Turtle Sanctuary Conservation Center","robots":{"index":"index","follow":"follow","max-snippet":"max-snippet:-1","max-image-preview":"max-image-preview:large","max-video-preview":"max-video-preview:-1"},"canonical":"http:\/\/www.turtle-sanctuary.org\/vi\/loai-quan-tam\/cuora-picturata\/","og_locale":"vi_VN","og_type":"article","og_title":"Cuora picturata - Turtle Sanctuary Conservation Center","og_url":"http:\/\/www.turtle-sanctuary.org\/vi\/loai-quan-tam\/cuora-picturata\/","og_site_name":"Turtle Sanctuary Conservation Center","article_modified_time":"2026-01-07T16:19:53+00:00","og_image":[{"width":2109,"height":1054,"url":"http:\/\/www.turtle-sanctuary.org\/wp-content\/uploads\/2018\/10\/Sans-titre-3.jpg","type":"image\/jpeg"}],"twitter_card":"summary_large_image","twitter_misc":{"Est. reading time":"3 minutes"},"schema":{"@context":"https:\/\/schema.org","@graph":[{"@type":"WebPage","@id":"http:\/\/www.turtle-sanctuary.org\/vi\/loai-quan-tam\/cuora-picturata\/","url":"http:\/\/www.turtle-sanctuary.org\/vi\/loai-quan-tam\/cuora-picturata\/","name":"Cuora picturata - Turtle Sanctuary Conservation Center","isPartOf":{"@id":"http:\/\/www.turtle-sanctuary.org\/vi\/#website"},"datePublished":"2018-09-28T11:28:24+00:00","dateModified":"2026-01-07T16:19:53+00:00","breadcrumb":{"@id":"http:\/\/www.turtle-sanctuary.org\/vi\/loai-quan-tam\/cuora-picturata\/#breadcrumb"},"inLanguage":"vi-VN","potentialAction":[{"@type":"ReadAction","target":["http:\/\/www.turtle-sanctuary.org\/vi\/loai-quan-tam\/cuora-picturata\/"]}]},{"@type":"BreadcrumbList","@id":"http:\/\/www.turtle-sanctuary.org\/vi\/loai-quan-tam\/cuora-picturata\/#breadcrumb","itemListElement":[{"@type":"ListItem","position":1,"name":"Accueil","item":"https:\/\/www.turtle-sanctuary.org\/vi\/"},{"@type":"ListItem","position":2,"name":"Lo\u00e0i quan t\u00e2m","item":"https:\/\/www.turtle-sanctuary.org\/vi\/loai-quan-tam\/"},{"@type":"ListItem","position":3,"name":"Cuora picturata"}]},{"@type":"WebSite","@id":"http:\/\/www.turtle-sanctuary.org\/vi\/#website","url":"http:\/\/www.turtle-sanctuary.org\/vi\/","name":"Turtle Sanctuary Conservation Center","description":"","potentialAction":[{"@type":"SearchAction","target":{"@type":"EntryPoint","urlTemplate":"http:\/\/www.turtle-sanctuary.org\/vi\/?s={search_term_string}"},"query-input":{"@type":"PropertyValueSpecification","valueRequired":true,"valueName":"search_term_string"}}],"inLanguage":"vi-VN"}]}},"_links":{"self":[{"href":"http:\/\/www.turtle-sanctuary.org\/vi\/wp-json\/wp\/v2\/pages\/1525","targetHints":{"allow":["GET"]}}],"collection":[{"href":"http:\/\/www.turtle-sanctuary.org\/vi\/wp-json\/wp\/v2\/pages"}],"about":[{"href":"http:\/\/www.turtle-sanctuary.org\/vi\/wp-json\/wp\/v2\/types\/page"}],"author":[{"embeddable":true,"href":"http:\/\/www.turtle-sanctuary.org\/vi\/wp-json\/wp\/v2\/users\/1"}],"replies":[{"embeddable":true,"href":"http:\/\/www.turtle-sanctuary.org\/vi\/wp-json\/wp\/v2\/comments?post=1525"}],"version-history":[{"count":3,"href":"http:\/\/www.turtle-sanctuary.org\/vi\/wp-json\/wp\/v2\/pages\/1525\/revisions"}],"predecessor-version":[{"id":3344,"href":"http:\/\/www.turtle-sanctuary.org\/vi\/wp-json\/wp\/v2\/pages\/1525\/revisions\/3344"}],"up":[{"embeddable":true,"href":"http:\/\/www.turtle-sanctuary.org\/vi\/wp-json\/wp\/v2\/pages\/1483"}],"wp:attachment":[{"href":"http:\/\/www.turtle-sanctuary.org\/vi\/wp-json\/wp\/v2\/media?parent=1525"}],"curies":[{"name":"wp","href":"https:\/\/api.w.org\/{rel}","templated":true}]}}