{"id":1552,"date":"2018-07-24T17:12:45","date_gmt":"2018-07-24T15:12:45","guid":{"rendered":"http:\/\/www.turtle-sanctuary.org\/?page_id=1552"},"modified":"2018-11-24T21:11:37","modified_gmt":"2018-11-24T20:11:37","slug":"dong-gop","status":"publish","type":"page","link":"http:\/\/www.turtle-sanctuary.org\/vi\/dong-gop\/","title":{"rendered":"\u0110\u00f3ng g\u00f3p"},"content":{"rendered":"<p><div class=\"fusion-fullwidth fullwidth-box fusion-builder-row-1 nonhundred-percent-fullwidth non-hundred-percent-height-scrolling\" style=\"--awb-border-radius-top-left:0px;--awb-border-radius-top-right:0px;--awb-border-radius-bottom-right:0px;--awb-border-radius-bottom-left:0px;--awb-padding-right:0px;--awb-padding-left:0px;--awb-flex-wrap:wrap;\" ><div class=\"fusion-builder-row fusion-row\"><div class=\"fusion-layout-column fusion_builder_column fusion-builder-column-0 fusion_builder_column_1_1 1_1 fusion-one-full fusion-column-first fusion-column-last\" style=\"--awb-bg-size:cover;\"><div class=\"fusion-column-wrapper fusion-flex-column-wrapper-legacy\"><div class=\"fusion-image-element in-legacy-container\" style=\"--awb-caption-title-font-family:var(--h2_typography-font-family);--awb-caption-title-font-weight:var(--h2_typography-font-weight);--awb-caption-title-font-style:var(--h2_typography-font-style);--awb-caption-title-size:var(--h2_typography-font-size);--awb-caption-title-transform:var(--h2_typography-text-transform);--awb-caption-title-line-height:var(--h2_typography-line-height);--awb-caption-title-letter-spacing:var(--h2_typography-letter-spacing);\"><span class=\" fusion-imageframe imageframe-none imageframe-1 hover-type-none ban\"><img decoding=\"async\" width=\"2500\" height=\"875\" src=\"http:\/\/www.turtle-sanctuary.org\/wp-content\/uploads\/2018\/11\/ban-dons-VN.jpg\" alt class=\"img-responsive wp-image-1556\" srcset=\"http:\/\/www.turtle-sanctuary.org\/wp-content\/uploads\/2018\/11\/ban-dons-VN-200x70.jpg 200w, http:\/\/www.turtle-sanctuary.org\/wp-content\/uploads\/2018\/11\/ban-dons-VN-400x140.jpg 400w, http:\/\/www.turtle-sanctuary.org\/wp-content\/uploads\/2018\/11\/ban-dons-VN-600x210.jpg 600w, http:\/\/www.turtle-sanctuary.org\/wp-content\/uploads\/2018\/11\/ban-dons-VN-800x280.jpg 800w, http:\/\/www.turtle-sanctuary.org\/wp-content\/uploads\/2018\/11\/ban-dons-VN-1200x420.jpg 1200w, http:\/\/www.turtle-sanctuary.org\/wp-content\/uploads\/2018\/11\/ban-dons-VN.jpg 2500w\" sizes=\"(max-width: 1280px) 100vw, 2500px\" \/><\/span><\/div><div class=\"fusion-clearfix\"><\/div><\/div><\/div><\/div><\/div><div class=\"fusion-fullwidth fullwidth-box fusion-builder-row-2 nonhundred-percent-fullwidth non-hundred-percent-height-scrolling\" style=\"--awb-border-radius-top-left:0px;--awb-border-radius-top-right:0px;--awb-border-radius-bottom-right:0px;--awb-border-radius-bottom-left:0px;--awb-margin-top:40px;--awb-margin-bottom:40px;--awb-flex-wrap:wrap;\" ><div class=\"fusion-builder-row fusion-row\"><div class=\"fusion-layout-column fusion_builder_column fusion-builder-column-1 fusion_builder_column_1_1 1_1 fusion-one-full fusion-column-first fusion-column-last\" style=\"--awb-bg-size:cover;--awb-margin-bottom:0px;\"><div class=\"fusion-column-wrapper fusion-flex-column-wrapper-legacy\"><div class=\"fusion-text fusion-text-1 text-donation\"><p>B\u1ea1n c\u00f3 th\u1ec3 h\u1ed7 tr\u1ee3 v\u00e0 tham gia v\u00e0o t\u1ea5t c\u1ea3 c\u00e1c chi\u1ebfn d\u1ecbch b\u1ea3o v\u1ec7 v\u00e0 b\u1ea3o t\u1ed3n lo\u00e0i c\u1ee7a ch\u00fang t\u00f4i.<\/p>\n<p>H\u00e0nh \u0111\u1ed9ng c\u1ee7a ch\u00fang t\u00f4i \u0111\u1ec3 b\u1ea3o t\u1ed3n c\u00e1c lo\u00e0i r\u00f9a v\u00e0 t\u1ea5t c\u1ea3 c\u00e1c lo\u00e0i \u0111\u1ed9ng v\u1eadt hoang d\u00e3 \u0111ang chia s\u1ebb h\u1ec7 sinh th\u00e1i c\u00f9ng con ng\u01b0\u1eddi ch\u00fang ta. C\u00e1c ch\u01b0\u01a1ng tr\u00ecnh c\u1ee7a ch\u00fang t\u00f4i h\u01b0\u1edbng \u0111\u1ebfn b\u1ea3o t\u1ed3n c\u00e1c lo\u00e0i b\u00f2 s\u00e1t, l\u01b0\u1ee1ng c\u01b0, c\u00f4n tr\u00f9ng, chim, th\u00fa \u1edf nh\u1eefng v\u00f9ng \u0111a d\u1ea1ng sinh h\u1ecdc cu\u1ed1i c\u00f9ng \u1edf ch\u00e2u \u00c1.<\/p>\n<p>T\u1ea5t c\u1ea3 nh\u1eefng \u0111\u00f3ng g\u00f3p c\u1ee7a b\u1ea1n s\u1ebd tr\u1ef1c ti\u1ebfp d\u00e0nh cho s\u1ef1 s\u1ed1ng c\u00f2n c\u1ee7a c\u00e1c lo\u00e0i c\u00f3 nguy c\u01a1 tuy\u1ec7t ch\u1ee7ng trong h\u1ec7 sinh th\u00e1i.<\/p>\n<p>C\u00f9ng nhau, ch\u00fang ta c\u00f3 th\u1ec3 h\u00e0nh \u0111\u1ed9ng hi\u1ec7u qu\u1ea3 \u0111\u1ec3 b\u1ea3o t\u1ed3n c\u00e1c lo\u00e0i \u0111\u1ed9ng v\u1eadt hoang d\u00e3 v\u00e0 sinh c\u1ea3nh s\u1ed1ng c\u1ee7a ch\u00fang. Ch\u00fang t\u00f4i c\u1ea7n s\u1ef1 gi\u00fap \u0111\u1ee1 c\u1ee7a c\u00e1c b\u1ea1n \u0111\u1ec3 ti\u1ebfp t\u1ee5c duy tr\u00ec nh\u1eefng h\u00e0nh \u0111\u1ed9ng n\u00e0y v\u00e0 th\u1ef1c hi\u1ec7n c\u00e1c d\u1ef1 \u00e1n m\u1edbi.<\/p>\n<\/div><div class=\"fusion-clearfix\"><\/div><\/div><\/div><\/div><\/div><div class=\"fusion-fullwidth fullwidth-box fusion-builder-row-3 nonhundred-percent-fullwidth non-hundred-percent-height-scrolling\" style=\"--awb-border-radius-top-left:0px;--awb-border-radius-top-right:0px;--awb-border-radius-bottom-right:0px;--awb-border-radius-bottom-left:0px;--awb-flex-wrap:wrap;\" ><div class=\"fusion-builder-row fusion-row\"><div class=\"fusion-layout-column fusion_builder_column fusion-builder-column-2 fusion_builder_column_1_2 1_2 fusion-one-half fusion-column-first\" style=\"--awb-padding-top:40px;--awb-padding-right:40px;--awb-padding-bottom:40px;--awb-padding-left:40px;--awb-bg-size:cover;--awb-border-color:#e0e0e0;--awb-border-top:1px;--awb-border-right:1px;--awb-border-bottom:1px;--awb-border-left:1px;--awb-border-style:solid;width:50%;width:calc(50% - ( ( 2% ) * 0.5 ) );margin-right: 2%;\"><div class=\"fusion-column-wrapper fusion-flex-column-wrapper-legacy\"><div class=\"fusion-title title fusion-title-1 fusion-title-center fusion-title-text fusion-title-size-one\"><div class=\"title-sep-container title-sep-container-left\"><div class=\"title-sep sep-single sep-solid\" style=\"border-color:#e0dede;\"><\/div><\/div><span class=\"awb-title-spacer\"><\/span><h1 class=\"fusion-title-heading title-heading-center fusion-responsive-typography-calculated\" style=\"margin:0;--fontSize:34;line-height:1.4;\">B\u1eb1ng Paypal ho\u1eb7c th\u1ebb Credit<\/h1><span class=\"awb-title-spacer\"><\/span><div class=\"title-sep-container title-sep-container-right\"><div class=\"title-sep sep-single sep-solid\" style=\"border-color:#e0dede;\"><\/div><\/div><\/div><div class=\"fusion-text fusion-text-2 column_submit\"><div class=\"bouton-don-paypal\">\n<form action=\"https:\/\/www.paypal.com\/cgi-bin\/webscr\" method=\"post\" target=\"_top\"><input name=\"cmd\" type=\"hidden\" value=\"_s-xclick\" \/><br \/>\n<input name=\"hosted_button_id\" type=\"hidden\" value=\"H2KVW4PECR92S\" \/><\/p>\n<div id=\"bloc_submit\"><input id=\"submit1\" alt=\"PayPal, le r\u00e9flexe s\u00e9curit\u00e9 pour payer en ligne\" name=\"submit\" src=\"http:\/\/www.turtle-sanctuary.org\/img\/bouton-don-VN.png\" type=\"image\" \/><br \/>\n<input id=\"submit2\" alt=\"PayPal, le r\u00e9flexe s\u00e9curit\u00e9 pour payer en ligne\" name=\"submit\" src=\"http:\/\/www.turtle-sanctuary.org\/img\/bouton-don-VN-in.png\" type=\"image\" \/><\/div>\n<p><img decoding=\"async\" src=\"https:\/\/www.paypalobjects.com\/fr_FR\/i\/scr\/pixel.gif\" alt=\"\" width=\"1\" height=\"1\" border=\"0\" \/><\/p>\n<\/form>\n<\/div>\n<\/div><div class=\"fusion-clearfix\"><\/div><\/div><\/div><div class=\"fusion-layout-column fusion_builder_column fusion-builder-column-3 fusion_builder_column_1_2 1_2 fusion-one-half fusion-column-last\" style=\"--awb-padding-top:40px;--awb-padding-right:40px;--awb-padding-bottom:40px;--awb-padding-left:40px;--awb-bg-size:cover;--awb-border-color:#e0e0e0;--awb-border-top:1px;--awb-border-right:1px;--awb-border-bottom:1px;--awb-border-left:1px;--awb-border-style:solid;width:50%;width:calc(50% - ( ( 2% ) * 0.5 ) );\"><div class=\"fusion-column-wrapper fusion-flex-column-wrapper-legacy\"><div class=\"fusion-title title fusion-title-2 fusion-title-center fusion-title-text fusion-title-size-one\"><div class=\"title-sep-container title-sep-container-left\"><div class=\"title-sep sep-single sep-solid\" style=\"border-color:#e0dede;\"><\/div><\/div><span class=\"awb-title-spacer\"><\/span><h1 class=\"fusion-title-heading title-heading-center fusion-responsive-typography-calculated\" style=\"margin:0;--fontSize:34;line-height:1.4;\">b\u1eb1ng s\u00e9c<\/h1><span class=\"awb-title-spacer\"><\/span><div class=\"title-sep-container title-sep-container-right\"><div class=\"title-sep sep-single sep-solid\" style=\"border-color:#e0dede;\"><\/div><\/div><\/div><div class=\"fusion-text fusion-text-3\"><p><img decoding=\"async\" class=\"aligncenter wp-image-852 size-full\" src=\"http:\/\/www.turtle-sanctuary.org\/wp-content\/uploads\/2018\/09\/logo-cheque-1.png\" alt=\"\" width=\"328\" height=\"178\" srcset=\"http:\/\/www.turtle-sanctuary.org\/wp-content\/uploads\/2018\/09\/logo-cheque-1-200x109.png 200w, http:\/\/www.turtle-sanctuary.org\/wp-content\/uploads\/2018\/09\/logo-cheque-1-300x163.png 300w, http:\/\/www.turtle-sanctuary.org\/wp-content\/uploads\/2018\/09\/logo-cheque-1.png 328w\" sizes=\"(max-width: 328px) 100vw, 328px\" \/><\/p>\n<p>B\u1ea1n c\u00f3 th\u1ec3 g\u1eedi s\u00e9c \u0111\u1ec3 \u1ee7ng h\u1ed9 <strong>Turtle Sanctuary<\/strong> t\u1edbi \u0111\u1ecba ch\u1ec9 :<\/p>\n<p><strong>S\u1ed1 19 \u0111\u01b0\u1eddng Rue Beranger<br \/>\nM\u00e3 b\u01b0u ch\u00ednh 75003, th\u00e0nh ph\u1ed1 Pari<br \/>\nPh\u00e1p<\/strong><\/p>\n<\/div><div class=\"fusion-clearfix\"><\/div><\/div><\/div><\/div><\/div><\/p>\n","protected":false},"excerpt":{"rendered":"","protected":false},"author":1,"featured_media":0,"parent":0,"menu_order":0,"comment_status":"closed","ping_status":"closed","template":"","meta":{"footnotes":""},"class_list":["post-1552","page","type-page","status-publish","hentry"],"yoast_head":"<!-- This site is optimized with the Yoast SEO plugin v26.6 - https:\/\/yoast.com\/wordpress\/plugins\/seo\/ -->\n<title>\u0110\u00f3ng g\u00f3p - Turtle Sanctuary Conservation Center<\/title>\n<meta name=\"robots\" content=\"index, follow, max-snippet:-1, max-image-preview:large, max-video-preview:-1\" \/>\n<link rel=\"canonical\" href=\"http:\/\/www.turtle-sanctuary.org\/vi\/dong-gop\/\" \/>\n<meta property=\"og:locale\" content=\"vi_VN\" \/>\n<meta property=\"og:type\" content=\"article\" \/>\n<meta property=\"og:title\" content=\"\u0110\u00f3ng g\u00f3p - Turtle Sanctuary Conservation Center\" \/>\n<meta property=\"og:url\" content=\"http:\/\/www.turtle-sanctuary.org\/vi\/dong-gop\/\" \/>\n<meta property=\"og:site_name\" content=\"Turtle Sanctuary Conservation Center\" \/>\n<meta property=\"article:modified_time\" content=\"2018-11-24T20:11:37+00:00\" \/>\n<meta property=\"og:image\" content=\"https:\/\/www.paypalobjects.com\/fr_FR\/i\/scr\/pixel.gif\" \/>\n<meta name=\"twitter:card\" content=\"summary_large_image\" \/>\n<meta name=\"twitter:label1\" content=\"Est. reading time\" \/>\n\t<meta name=\"twitter:data1\" content=\"6 minutes\" \/>\n<script type=\"application\/ld+json\" class=\"yoast-schema-graph\">{\"@context\":\"https:\/\/schema.org\",\"@graph\":[{\"@type\":\"WebPage\",\"@id\":\"http:\/\/www.turtle-sanctuary.org\/vi\/dong-gop\/\",\"url\":\"http:\/\/www.turtle-sanctuary.org\/vi\/dong-gop\/\",\"name\":\"\u0110\u00f3ng g\u00f3p - Turtle Sanctuary Conservation Center\",\"isPartOf\":{\"@id\":\"http:\/\/www.turtle-sanctuary.org\/vi\/#website\"},\"primaryImageOfPage\":{\"@id\":\"http:\/\/www.turtle-sanctuary.org\/vi\/dong-gop\/#primaryimage\"},\"image\":{\"@id\":\"http:\/\/www.turtle-sanctuary.org\/vi\/dong-gop\/#primaryimage\"},\"thumbnailUrl\":\"https:\/\/www.paypalobjects.com\/fr_FR\/i\/scr\/pixel.gif\",\"datePublished\":\"2018-07-24T15:12:45+00:00\",\"dateModified\":\"2018-11-24T20:11:37+00:00\",\"breadcrumb\":{\"@id\":\"http:\/\/www.turtle-sanctuary.org\/vi\/dong-gop\/#breadcrumb\"},\"inLanguage\":\"vi-VN\",\"potentialAction\":[{\"@type\":\"ReadAction\",\"target\":[\"http:\/\/www.turtle-sanctuary.org\/vi\/dong-gop\/\"]}]},{\"@type\":\"ImageObject\",\"inLanguage\":\"vi-VN\",\"@id\":\"http:\/\/www.turtle-sanctuary.org\/vi\/dong-gop\/#primaryimage\",\"url\":\"https:\/\/www.paypalobjects.com\/fr_FR\/i\/scr\/pixel.gif\",\"contentUrl\":\"https:\/\/www.paypalobjects.com\/fr_FR\/i\/scr\/pixel.gif\"},{\"@type\":\"BreadcrumbList\",\"@id\":\"http:\/\/www.turtle-sanctuary.org\/vi\/dong-gop\/#breadcrumb\",\"itemListElement\":[{\"@type\":\"ListItem\",\"position\":1,\"name\":\"Accueil\",\"item\":\"https:\/\/www.turtle-sanctuary.org\/vi\/\"},{\"@type\":\"ListItem\",\"position\":2,\"name\":\"\u0110\u00f3ng g\u00f3p\"}]},{\"@type\":\"WebSite\",\"@id\":\"http:\/\/www.turtle-sanctuary.org\/vi\/#website\",\"url\":\"http:\/\/www.turtle-sanctuary.org\/vi\/\",\"name\":\"Turtle Sanctuary Conservation Center\",\"description\":\"\",\"potentialAction\":[{\"@type\":\"SearchAction\",\"target\":{\"@type\":\"EntryPoint\",\"urlTemplate\":\"http:\/\/www.turtle-sanctuary.org\/vi\/?s={search_term_string}\"},\"query-input\":{\"@type\":\"PropertyValueSpecification\",\"valueRequired\":true,\"valueName\":\"search_term_string\"}}],\"inLanguage\":\"vi-VN\"}]}<\/script>\n<!-- \/ Yoast SEO plugin. -->","yoast_head_json":{"title":"\u0110\u00f3ng g\u00f3p - Turtle Sanctuary Conservation Center","robots":{"index":"index","follow":"follow","max-snippet":"max-snippet:-1","max-image-preview":"max-image-preview:large","max-video-preview":"max-video-preview:-1"},"canonical":"http:\/\/www.turtle-sanctuary.org\/vi\/dong-gop\/","og_locale":"vi_VN","og_type":"article","og_title":"\u0110\u00f3ng g\u00f3p - Turtle Sanctuary Conservation Center","og_url":"http:\/\/www.turtle-sanctuary.org\/vi\/dong-gop\/","og_site_name":"Turtle Sanctuary Conservation Center","article_modified_time":"2018-11-24T20:11:37+00:00","og_image":[{"url":"https:\/\/www.paypalobjects.com\/fr_FR\/i\/scr\/pixel.gif","type":"","width":"","height":""}],"twitter_card":"summary_large_image","twitter_misc":{"Est. reading time":"6 minutes"},"schema":{"@context":"https:\/\/schema.org","@graph":[{"@type":"WebPage","@id":"http:\/\/www.turtle-sanctuary.org\/vi\/dong-gop\/","url":"http:\/\/www.turtle-sanctuary.org\/vi\/dong-gop\/","name":"\u0110\u00f3ng g\u00f3p - Turtle Sanctuary Conservation Center","isPartOf":{"@id":"http:\/\/www.turtle-sanctuary.org\/vi\/#website"},"primaryImageOfPage":{"@id":"http:\/\/www.turtle-sanctuary.org\/vi\/dong-gop\/#primaryimage"},"image":{"@id":"http:\/\/www.turtle-sanctuary.org\/vi\/dong-gop\/#primaryimage"},"thumbnailUrl":"https:\/\/www.paypalobjects.com\/fr_FR\/i\/scr\/pixel.gif","datePublished":"2018-07-24T15:12:45+00:00","dateModified":"2018-11-24T20:11:37+00:00","breadcrumb":{"@id":"http:\/\/www.turtle-sanctuary.org\/vi\/dong-gop\/#breadcrumb"},"inLanguage":"vi-VN","potentialAction":[{"@type":"ReadAction","target":["http:\/\/www.turtle-sanctuary.org\/vi\/dong-gop\/"]}]},{"@type":"ImageObject","inLanguage":"vi-VN","@id":"http:\/\/www.turtle-sanctuary.org\/vi\/dong-gop\/#primaryimage","url":"https:\/\/www.paypalobjects.com\/fr_FR\/i\/scr\/pixel.gif","contentUrl":"https:\/\/www.paypalobjects.com\/fr_FR\/i\/scr\/pixel.gif"},{"@type":"BreadcrumbList","@id":"http:\/\/www.turtle-sanctuary.org\/vi\/dong-gop\/#breadcrumb","itemListElement":[{"@type":"ListItem","position":1,"name":"Accueil","item":"https:\/\/www.turtle-sanctuary.org\/vi\/"},{"@type":"ListItem","position":2,"name":"\u0110\u00f3ng g\u00f3p"}]},{"@type":"WebSite","@id":"http:\/\/www.turtle-sanctuary.org\/vi\/#website","url":"http:\/\/www.turtle-sanctuary.org\/vi\/","name":"Turtle Sanctuary Conservation Center","description":"","potentialAction":[{"@type":"SearchAction","target":{"@type":"EntryPoint","urlTemplate":"http:\/\/www.turtle-sanctuary.org\/vi\/?s={search_term_string}"},"query-input":{"@type":"PropertyValueSpecification","valueRequired":true,"valueName":"search_term_string"}}],"inLanguage":"vi-VN"}]}},"_links":{"self":[{"href":"http:\/\/www.turtle-sanctuary.org\/vi\/wp-json\/wp\/v2\/pages\/1552","targetHints":{"allow":["GET"]}}],"collection":[{"href":"http:\/\/www.turtle-sanctuary.org\/vi\/wp-json\/wp\/v2\/pages"}],"about":[{"href":"http:\/\/www.turtle-sanctuary.org\/vi\/wp-json\/wp\/v2\/types\/page"}],"author":[{"embeddable":true,"href":"http:\/\/www.turtle-sanctuary.org\/vi\/wp-json\/wp\/v2\/users\/1"}],"replies":[{"embeddable":true,"href":"http:\/\/www.turtle-sanctuary.org\/vi\/wp-json\/wp\/v2\/comments?post=1552"}],"version-history":[{"count":3,"href":"http:\/\/www.turtle-sanctuary.org\/vi\/wp-json\/wp\/v2\/pages\/1552\/revisions"}],"predecessor-version":[{"id":1559,"href":"http:\/\/www.turtle-sanctuary.org\/vi\/wp-json\/wp\/v2\/pages\/1552\/revisions\/1559"}],"wp:attachment":[{"href":"http:\/\/www.turtle-sanctuary.org\/vi\/wp-json\/wp\/v2\/media?parent=1552"}],"curies":[{"name":"wp","href":"https:\/\/api.w.org\/{rel}","templated":true}]}}