{"id":480,"date":"2018-07-24T17:12:45","date_gmt":"2018-07-24T15:12:45","guid":{"rendered":"http:\/\/www.turtle-sanctuary.org\/?page_id=480"},"modified":"2018-10-10T16:15:09","modified_gmt":"2018-10-10T14:15:09","slug":"make-a-donation","status":"publish","type":"page","link":"https:\/\/www.turtle-sanctuary.org\/en\/make-a-donation\/","title":{"rendered":"Make a donation"},"content":{"rendered":"<p><div class=\"fusion-fullwidth fullwidth-box fusion-builder-row-1 nonhundred-percent-fullwidth non-hundred-percent-height-scrolling\" style=\"--awb-border-radius-top-left:0px;--awb-border-radius-top-right:0px;--awb-border-radius-bottom-right:0px;--awb-border-radius-bottom-left:0px;--awb-padding-right:0px;--awb-padding-left:0px;--awb-flex-wrap:wrap;\" ><div class=\"fusion-builder-row fusion-row\"><div class=\"fusion-layout-column fusion_builder_column fusion-builder-column-0 fusion_builder_column_1_1 1_1 fusion-one-full fusion-column-first fusion-column-last\" style=\"--awb-bg-size:cover;\"><div class=\"fusion-column-wrapper fusion-flex-column-wrapper-legacy\"><div class=\"fusion-image-element in-legacy-container\" style=\"--awb-caption-title-font-family:var(--h2_typography-font-family);--awb-caption-title-font-weight:var(--h2_typography-font-weight);--awb-caption-title-font-style:var(--h2_typography-font-style);--awb-caption-title-size:var(--h2_typography-font-size);--awb-caption-title-transform:var(--h2_typography-text-transform);--awb-caption-title-line-height:var(--h2_typography-line-height);--awb-caption-title-letter-spacing:var(--h2_typography-letter-spacing);\"><span class=\" fusion-imageframe imageframe-none imageframe-1 hover-type-none ban\"><img decoding=\"async\" width=\"2500\" height=\"875\" src=\"http:\/\/www.turtle-sanctuary.org\/wp-content\/uploads\/2018\/09\/ban-dons-EN.jpg\" alt class=\"img-responsive wp-image-867\" srcset=\"https:\/\/www.turtle-sanctuary.org\/wp-content\/uploads\/2018\/09\/ban-dons-EN-200x70.jpg 200w, https:\/\/www.turtle-sanctuary.org\/wp-content\/uploads\/2018\/09\/ban-dons-EN-400x140.jpg 400w, https:\/\/www.turtle-sanctuary.org\/wp-content\/uploads\/2018\/09\/ban-dons-EN-600x210.jpg 600w, https:\/\/www.turtle-sanctuary.org\/wp-content\/uploads\/2018\/09\/ban-dons-EN-800x280.jpg 800w, https:\/\/www.turtle-sanctuary.org\/wp-content\/uploads\/2018\/09\/ban-dons-EN-1200x420.jpg 1200w, https:\/\/www.turtle-sanctuary.org\/wp-content\/uploads\/2018\/09\/ban-dons-EN.jpg 2500w\" sizes=\"(max-width: 1280px) 100vw, 2500px\" \/><\/span><\/div><div class=\"fusion-clearfix\"><\/div><\/div><\/div><\/div><\/div><div class=\"fusion-fullwidth fullwidth-box fusion-builder-row-2 nonhundred-percent-fullwidth non-hundred-percent-height-scrolling\" style=\"--awb-border-radius-top-left:0px;--awb-border-radius-top-right:0px;--awb-border-radius-bottom-right:0px;--awb-border-radius-bottom-left:0px;--awb-margin-top:40px;--awb-margin-bottom:40px;--awb-flex-wrap:wrap;\" ><div class=\"fusion-builder-row fusion-row\"><div class=\"fusion-layout-column fusion_builder_column fusion-builder-column-1 fusion_builder_column_1_1 1_1 fusion-one-full fusion-column-first fusion-column-last\" style=\"--awb-bg-size:cover;--awb-margin-bottom:0px;\"><div class=\"fusion-column-wrapper fusion-flex-column-wrapper-legacy\"><div class=\"fusion-text fusion-text-1 text-donation\"><p>You can support and participate in all our species protection and conservation campaigns.<\/p>\n<p>Our actions to preserve turtles in the wild benefit all wildlife sharing their ecosystem. Our programs allow the preservation of reptiles, but also amphibians, insects, birds, mammals that populate these last places of biodiversity in Asia.<\/p>\n<p>All your contributions are thus directly devoted to the survival of endangered species in their ecosystem.<\/p>\n<p>Together, we can act effectively to preserve natural areas and their wildlife. We need each one of you to continue to carry out these actions and to undertake new projects.<\/p>\n<\/div><div class=\"fusion-clearfix\"><\/div><\/div><\/div><\/div><\/div><div class=\"fusion-fullwidth fullwidth-box fusion-builder-row-3 nonhundred-percent-fullwidth non-hundred-percent-height-scrolling\" style=\"--awb-border-radius-top-left:0px;--awb-border-radius-top-right:0px;--awb-border-radius-bottom-right:0px;--awb-border-radius-bottom-left:0px;--awb-flex-wrap:wrap;\" ><div class=\"fusion-builder-row fusion-row\"><div class=\"fusion-layout-column fusion_builder_column fusion-builder-column-2 fusion_builder_column_1_2 1_2 fusion-one-half fusion-column-first\" style=\"--awb-padding-top:40px;--awb-padding-right:40px;--awb-padding-bottom:40px;--awb-padding-left:40px;--awb-bg-size:cover;--awb-border-color:#e0e0e0;--awb-border-top:1px;--awb-border-right:1px;--awb-border-bottom:1px;--awb-border-left:1px;--awb-border-style:solid;width:50%;width:calc(50% - ( ( 2% ) * 0.5 ) );margin-right: 2%;\"><div class=\"fusion-column-wrapper fusion-flex-column-wrapper-legacy\"><div class=\"fusion-title title fusion-title-1 fusion-title-center fusion-title-text fusion-title-size-one\"><div class=\"title-sep-container title-sep-container-left\"><div class=\"title-sep sep-single sep-solid\" style=\"border-color:#e0dede;\"><\/div><\/div><span class=\"awb-title-spacer\"><\/span><h1 class=\"fusion-title-heading title-heading-center fusion-responsive-typography-calculated\" style=\"margin:0;--fontSize:34;line-height:1.4;\">By Paypal or credit card<\/h1><span class=\"awb-title-spacer\"><\/span><div class=\"title-sep-container title-sep-container-right\"><div class=\"title-sep sep-single sep-solid\" style=\"border-color:#e0dede;\"><\/div><\/div><\/div><div class=\"fusion-text fusion-text-2 column_submit\"><div class=\"bouton-don-paypal\">\n<form action=\"https:\/\/www.paypal.com\/cgi-bin\/webscr\" method=\"post\" target=\"_top\"><input name=\"cmd\" type=\"hidden\" value=\"_s-xclick\" \/><br \/>\n<input name=\"hosted_button_id\" type=\"hidden\" value=\"H2KVW4PECR92S\" \/><\/p>\n<div id=\"bloc_submit\"><input id=\"submit1\" alt=\"PayPal, le r\u00e9flexe s\u00e9curit\u00e9 pour payer en ligne\" name=\"submit\" src=\"http:\/\/www.turtle-sanctuary.org\/img\/bouton-don-EN.png\" type=\"image\" \/><br \/>\n<input id=\"submit2\" alt=\"PayPal, le r\u00e9flexe s\u00e9curit\u00e9 pour payer en ligne\" name=\"submit\" src=\"http:\/\/www.turtle-sanctuary.org\/img\/bouton-don-EN-in.png\" type=\"image\" \/><\/div>\n<p><img decoding=\"async\" src=\"https:\/\/www.paypalobjects.com\/fr_FR\/i\/scr\/pixel.gif\" alt=\"\" width=\"1\" height=\"1\" border=\"0\" \/><\/p>\n<\/form>\n<\/div>\n<\/div><div class=\"fusion-clearfix\"><\/div><\/div><\/div><div class=\"fusion-layout-column fusion_builder_column fusion-builder-column-3 fusion_builder_column_1_2 1_2 fusion-one-half fusion-column-last\" style=\"--awb-padding-top:40px;--awb-padding-right:40px;--awb-padding-bottom:40px;--awb-padding-left:40px;--awb-bg-size:cover;--awb-border-color:#e0e0e0;--awb-border-top:1px;--awb-border-right:1px;--awb-border-bottom:1px;--awb-border-left:1px;--awb-border-style:solid;width:50%;width:calc(50% - ( ( 2% ) * 0.5 ) );\"><div class=\"fusion-column-wrapper fusion-flex-column-wrapper-legacy\"><div class=\"fusion-title title fusion-title-2 fusion-title-center fusion-title-text fusion-title-size-one\"><div class=\"title-sep-container title-sep-container-left\"><div class=\"title-sep sep-single sep-solid\" style=\"border-color:#e0dede;\"><\/div><\/div><span class=\"awb-title-spacer\"><\/span><h1 class=\"fusion-title-heading title-heading-center fusion-responsive-typography-calculated\" style=\"margin:0;--fontSize:34;line-height:1.4;\">By\u00a0check<\/h1><span class=\"awb-title-spacer\"><\/span><div class=\"title-sep-container title-sep-container-right\"><div class=\"title-sep sep-single sep-solid\" style=\"border-color:#e0dede;\"><\/div><\/div><\/div><div class=\"fusion-text fusion-text-3\"><p><img decoding=\"async\" class=\"aligncenter wp-image-852 size-full\" src=\"http:\/\/www.turtle-sanctuary.org\/wp-content\/uploads\/2018\/09\/logo-cheque-1.png\" alt=\"\" width=\"328\" height=\"178\" srcset=\"https:\/\/www.turtle-sanctuary.org\/wp-content\/uploads\/2018\/09\/logo-cheque-1-200x109.png 200w, https:\/\/www.turtle-sanctuary.org\/wp-content\/uploads\/2018\/09\/logo-cheque-1-300x163.png 300w, https:\/\/www.turtle-sanctuary.org\/wp-content\/uploads\/2018\/09\/logo-cheque-1.png 328w\" sizes=\"(max-width: 328px) 100vw, 328px\" \/><\/p>\n<p>You can send us your checks made payable to <strong>Turtle Sanctuary<\/strong>, to this adress :<\/p>\n<p><strong>19, rue Beranger<br \/>\n75003 Paris<br \/>\nFrance<\/strong><\/p>\n<\/div><div class=\"fusion-clearfix\"><\/div><\/div><\/div><\/div><\/div><\/p>\n","protected":false},"excerpt":{"rendered":"","protected":false},"author":1,"featured_media":0,"parent":0,"menu_order":0,"comment_status":"closed","ping_status":"closed","template":"","meta":{"footnotes":""},"class_list":["post-480","page","type-page","status-publish","hentry"],"yoast_head":"<!-- This site is optimized with the Yoast SEO plugin v26.6 - https:\/\/yoast.com\/wordpress\/plugins\/seo\/ -->\n<title>Make a donation - Turtle Sanctuary Conservation Center<\/title>\n<meta name=\"robots\" content=\"index, follow, max-snippet:-1, max-image-preview:large, max-video-preview:-1\" \/>\n<link rel=\"canonical\" href=\"https:\/\/www.turtle-sanctuary.org\/en\/make-a-donation\/\" \/>\n<meta property=\"og:locale\" content=\"en_US\" \/>\n<meta property=\"og:type\" content=\"article\" \/>\n<meta property=\"og:title\" content=\"Make a donation - Turtle Sanctuary Conservation Center\" \/>\n<meta property=\"og:url\" content=\"https:\/\/www.turtle-sanctuary.org\/en\/make-a-donation\/\" \/>\n<meta property=\"og:site_name\" content=\"Turtle Sanctuary Conservation Center\" \/>\n<meta property=\"article:modified_time\" content=\"2018-10-10T14:15:09+00:00\" \/>\n<meta property=\"og:image\" content=\"https:\/\/www.paypalobjects.com\/fr_FR\/i\/scr\/pixel.gif\" \/>\n<meta name=\"twitter:card\" content=\"summary_large_image\" \/>\n<meta name=\"twitter:label1\" content=\"Est. reading time\" \/>\n\t<meta name=\"twitter:data1\" content=\"5 minutes\" \/>\n<script type=\"application\/ld+json\" class=\"yoast-schema-graph\">{\"@context\":\"https:\/\/schema.org\",\"@graph\":[{\"@type\":\"WebPage\",\"@id\":\"https:\/\/www.turtle-sanctuary.org\/en\/make-a-donation\/\",\"url\":\"https:\/\/www.turtle-sanctuary.org\/en\/make-a-donation\/\",\"name\":\"Make a donation - Turtle Sanctuary Conservation Center\",\"isPartOf\":{\"@id\":\"http:\/\/www.turtle-sanctuary.org\/en\/#website\"},\"primaryImageOfPage\":{\"@id\":\"https:\/\/www.turtle-sanctuary.org\/en\/make-a-donation\/#primaryimage\"},\"image\":{\"@id\":\"https:\/\/www.turtle-sanctuary.org\/en\/make-a-donation\/#primaryimage\"},\"thumbnailUrl\":\"https:\/\/www.paypalobjects.com\/fr_FR\/i\/scr\/pixel.gif\",\"datePublished\":\"2018-07-24T15:12:45+00:00\",\"dateModified\":\"2018-10-10T14:15:09+00:00\",\"breadcrumb\":{\"@id\":\"https:\/\/www.turtle-sanctuary.org\/en\/make-a-donation\/#breadcrumb\"},\"inLanguage\":\"en-US\",\"potentialAction\":[{\"@type\":\"ReadAction\",\"target\":[\"https:\/\/www.turtle-sanctuary.org\/en\/make-a-donation\/\"]}]},{\"@type\":\"ImageObject\",\"inLanguage\":\"en-US\",\"@id\":\"https:\/\/www.turtle-sanctuary.org\/en\/make-a-donation\/#primaryimage\",\"url\":\"https:\/\/www.paypalobjects.com\/fr_FR\/i\/scr\/pixel.gif\",\"contentUrl\":\"https:\/\/www.paypalobjects.com\/fr_FR\/i\/scr\/pixel.gif\"},{\"@type\":\"BreadcrumbList\",\"@id\":\"https:\/\/www.turtle-sanctuary.org\/en\/make-a-donation\/#breadcrumb\",\"itemListElement\":[{\"@type\":\"ListItem\",\"position\":1,\"name\":\"Accueil\",\"item\":\"https:\/\/www.turtle-sanctuary.org\/en\/\"},{\"@type\":\"ListItem\",\"position\":2,\"name\":\"Make a donation\"}]},{\"@type\":\"WebSite\",\"@id\":\"http:\/\/www.turtle-sanctuary.org\/en\/#website\",\"url\":\"http:\/\/www.turtle-sanctuary.org\/en\/\",\"name\":\"Turtle Sanctuary Conservation Center\",\"description\":\"\",\"potentialAction\":[{\"@type\":\"SearchAction\",\"target\":{\"@type\":\"EntryPoint\",\"urlTemplate\":\"http:\/\/www.turtle-sanctuary.org\/en\/?s={search_term_string}\"},\"query-input\":{\"@type\":\"PropertyValueSpecification\",\"valueRequired\":true,\"valueName\":\"search_term_string\"}}],\"inLanguage\":\"en-US\"}]}<\/script>\n<!-- \/ Yoast SEO plugin. -->","yoast_head_json":{"title":"Make a donation - Turtle Sanctuary Conservation Center","robots":{"index":"index","follow":"follow","max-snippet":"max-snippet:-1","max-image-preview":"max-image-preview:large","max-video-preview":"max-video-preview:-1"},"canonical":"https:\/\/www.turtle-sanctuary.org\/en\/make-a-donation\/","og_locale":"en_US","og_type":"article","og_title":"Make a donation - Turtle Sanctuary Conservation Center","og_url":"https:\/\/www.turtle-sanctuary.org\/en\/make-a-donation\/","og_site_name":"Turtle Sanctuary Conservation Center","article_modified_time":"2018-10-10T14:15:09+00:00","og_image":[{"url":"https:\/\/www.paypalobjects.com\/fr_FR\/i\/scr\/pixel.gif","type":"","width":"","height":""}],"twitter_card":"summary_large_image","twitter_misc":{"Est. reading time":"5 minutes"},"schema":{"@context":"https:\/\/schema.org","@graph":[{"@type":"WebPage","@id":"https:\/\/www.turtle-sanctuary.org\/en\/make-a-donation\/","url":"https:\/\/www.turtle-sanctuary.org\/en\/make-a-donation\/","name":"Make a donation - Turtle Sanctuary Conservation Center","isPartOf":{"@id":"http:\/\/www.turtle-sanctuary.org\/en\/#website"},"primaryImageOfPage":{"@id":"https:\/\/www.turtle-sanctuary.org\/en\/make-a-donation\/#primaryimage"},"image":{"@id":"https:\/\/www.turtle-sanctuary.org\/en\/make-a-donation\/#primaryimage"},"thumbnailUrl":"https:\/\/www.paypalobjects.com\/fr_FR\/i\/scr\/pixel.gif","datePublished":"2018-07-24T15:12:45+00:00","dateModified":"2018-10-10T14:15:09+00:00","breadcrumb":{"@id":"https:\/\/www.turtle-sanctuary.org\/en\/make-a-donation\/#breadcrumb"},"inLanguage":"en-US","potentialAction":[{"@type":"ReadAction","target":["https:\/\/www.turtle-sanctuary.org\/en\/make-a-donation\/"]}]},{"@type":"ImageObject","inLanguage":"en-US","@id":"https:\/\/www.turtle-sanctuary.org\/en\/make-a-donation\/#primaryimage","url":"https:\/\/www.paypalobjects.com\/fr_FR\/i\/scr\/pixel.gif","contentUrl":"https:\/\/www.paypalobjects.com\/fr_FR\/i\/scr\/pixel.gif"},{"@type":"BreadcrumbList","@id":"https:\/\/www.turtle-sanctuary.org\/en\/make-a-donation\/#breadcrumb","itemListElement":[{"@type":"ListItem","position":1,"name":"Accueil","item":"https:\/\/www.turtle-sanctuary.org\/en\/"},{"@type":"ListItem","position":2,"name":"Make a donation"}]},{"@type":"WebSite","@id":"http:\/\/www.turtle-sanctuary.org\/en\/#website","url":"http:\/\/www.turtle-sanctuary.org\/en\/","name":"Turtle Sanctuary Conservation Center","description":"","potentialAction":[{"@type":"SearchAction","target":{"@type":"EntryPoint","urlTemplate":"http:\/\/www.turtle-sanctuary.org\/en\/?s={search_term_string}"},"query-input":{"@type":"PropertyValueSpecification","valueRequired":true,"valueName":"search_term_string"}}],"inLanguage":"en-US"}]}},"_links":{"self":[{"href":"https:\/\/www.turtle-sanctuary.org\/en\/wp-json\/wp\/v2\/pages\/480","targetHints":{"allow":["GET"]}}],"collection":[{"href":"https:\/\/www.turtle-sanctuary.org\/en\/wp-json\/wp\/v2\/pages"}],"about":[{"href":"https:\/\/www.turtle-sanctuary.org\/en\/wp-json\/wp\/v2\/types\/page"}],"author":[{"embeddable":true,"href":"https:\/\/www.turtle-sanctuary.org\/en\/wp-json\/wp\/v2\/users\/1"}],"replies":[{"embeddable":true,"href":"https:\/\/www.turtle-sanctuary.org\/en\/wp-json\/wp\/v2\/comments?post=480"}],"version-history":[{"count":11,"href":"https:\/\/www.turtle-sanctuary.org\/en\/wp-json\/wp\/v2\/pages\/480\/revisions"}],"predecessor-version":[{"id":1161,"href":"https:\/\/www.turtle-sanctuary.org\/en\/wp-json\/wp\/v2\/pages\/480\/revisions\/1161"}],"wp:attachment":[{"href":"https:\/\/www.turtle-sanctuary.org\/en\/wp-json\/wp\/v2\/media?parent=480"}],"curies":[{"name":"wp","href":"https:\/\/api.w.org\/{rel}","templated":true}]}}