{"id":1549,"date":"2018-07-24T17:12:32","date_gmt":"2018-07-24T15:12:32","guid":{"rendered":"http:\/\/www.turtle-sanctuary.org\/?page_id=1549"},"modified":"2018-11-24T20:19:07","modified_gmt":"2018-11-24T19:19:07","slug":"lien-he-voi-chung-toi","status":"publish","type":"page","link":"https:\/\/www.turtle-sanctuary.org\/vi\/lien-he-voi-chung-toi\/","title":{"rendered":"Li\u1ec7n h\u1ec7 v\u1edbi ch\u00fang t\u00f4i"},"content":{"rendered":"<div class=\"fusion-fullwidth fullwidth-box fusion-builder-row-1 nonhundred-percent-fullwidth non-hundred-percent-height-scrolling\" style=\"--awb-border-radius-top-left:0px;--awb-border-radius-top-right:0px;--awb-border-radius-bottom-right:0px;--awb-border-radius-bottom-left:0px;--awb-flex-wrap:wrap;\" ><div class=\"fusion-builder-row fusion-row\"><div class=\"fusion-layout-column fusion_builder_column fusion-builder-column-0 fusion_builder_column_1_2 1_2 fusion-one-half fusion-column-first\" style=\"--awb-padding-top:60px;--awb-padding-right:60px;--awb-padding-bottom:60px;--awb-padding-left:60px;--awb-bg-size:cover;--awb-border-color:#e0e0e0;--awb-border-top:1px;--awb-border-right:1px;--awb-border-bottom:1px;--awb-border-left:1px;--awb-border-style:solid;width:50%;width:calc(50% - ( ( 2% ) * 0.5 ) );margin-right: 2%;\"><div class=\"fusion-column-wrapper fusion-flex-column-wrapper-legacy\"><div class=\"fusion-title title fusion-title-1 fusion-title-center fusion-title-text fusion-title-size-one\"><div class=\"title-sep-container title-sep-container-left\"><div class=\"title-sep sep-single sep-solid\" style=\"border-color:#e0dede;\"><\/div><\/div><span class=\"awb-title-spacer\"><\/span><h1 class=\"fusion-title-heading title-heading-center fusion-responsive-typography-calculated\" style=\"margin:0;--fontSize:34;line-height:1.4;\">Li\u1ec7n h\u1ec7 v\u1edbi ch\u00fang t\u00f4i<\/h1><span class=\"awb-title-spacer\"><\/span><div class=\"title-sep-container title-sep-container-right\"><div class=\"title-sep sep-single sep-solid\" style=\"border-color:#e0dede;\"><\/div><\/div><\/div><div class=\"fusion-text fusion-text-1\"><p style=\"text-align: center;\">b\u1ea1n c\u00f3 m\u1ed9t c\u00e2u h\u1ecfi? H\u00e3y li\u00ean h\u1ec7 v\u1edbi ch\u00fang t\u00f4i qua \u0111\u1ecba ch\u1ec9 email<\/p>\n<\/div><div class=\"fusion-title title fusion-title-2 fusion-sep-none fusion-title-center fusion-title-text fusion-title-size-one\"><h1 class=\"fusion-title-heading title-heading-center fusion-responsive-typography-calculated\" style=\"margin:0;--fontSize:34;line-height:1.4;\"><a href=\"mailto:contact@turtle-sanctuary.org\">contact@turtle-sanctuary.org<\/a><\/h1><\/div><div class=\"fusion-clearfix\"><\/div><\/div><\/div><div class=\"fusion-layout-column fusion_builder_column fusion-builder-column-1 fusion_builder_column_1_2 1_2 fusion-one-half fusion-column-last\" style=\"--awb-padding-top:60px;--awb-padding-right:60px;--awb-padding-bottom:60px;--awb-padding-left:60px;--awb-bg-size:cover;--awb-border-color:#e0e0e0;--awb-border-top:1px;--awb-border-right:1px;--awb-border-bottom:1px;--awb-border-left:1px;--awb-border-style:solid;width:50%;width:calc(50% - ( ( 2% ) * 0.5 ) );\"><div class=\"fusion-column-wrapper fusion-flex-column-wrapper-legacy\"><div class=\"fusion-title title fusion-title-3 fusion-title-center fusion-title-text fusion-title-size-one\" style=\"--awb-margin-bottom:60px;\"><div class=\"title-sep-container title-sep-container-left\"><div class=\"title-sep sep-single sep-solid\" style=\"border-color:#e0dede;\"><\/div><\/div><span class=\"awb-title-spacer\"><\/span><h1 class=\"fusion-title-heading title-heading-center fusion-responsive-typography-calculated\" style=\"margin:0;--fontSize:34;line-height:1.4;\">THEO D\u00d5I CH\u00daNG T\u00d4I QUA<\/h1><span class=\"awb-title-spacer\"><\/span><div class=\"title-sep-container title-sep-container-right\"><div class=\"title-sep sep-single sep-solid\" style=\"border-color:#e0dede;\"><\/div><\/div><\/div><div class=\"fusion-social-links fusion-social-links-1 social-icon-page-contact\" style=\"--awb-margin-top:0px;--awb-margin-right:0px;--awb-margin-bottom:0px;--awb-margin-left:0px;--awb-box-border-top:0px;--awb-box-border-right:0px;--awb-box-border-bottom:0px;--awb-box-border-left:0px;--awb-icon-colors-hover:rgba(190,189,189,0.8);--awb-box-colors-hover:rgba(232,232,232,0.8);--awb-box-border-color:var(--awb-color3);--awb-box-border-color-hover:var(--awb-color4);\"><div class=\"fusion-social-networks color-type-brand\"><div class=\"fusion-social-networks-wrapper\"><a class=\"fusion-social-network-icon fusion-tooltip fusion-facebook awb-icon-facebook\" style=\"color:#3b5998;font-size:16px;\" data-placement=\"top\" data-title=\"Facebook\" data-toggle=\"tooltip\" title=\"Facebook\" aria-label=\"facebook\" target=\"_blank\" rel=\"noopener noreferrer\" href=\"https:\/\/www.facebook.com\/Turtlesanctuaryconservationcenter\/\"><\/a><a class=\"fusion-social-network-icon fusion-tooltip fusion-instagram awb-icon-instagram\" style=\"color:#c13584;font-size:16px;\" data-placement=\"top\" data-title=\"Instagram\" data-toggle=\"tooltip\" title=\"Instagram\" aria-label=\"instagram\" target=\"_blank\" rel=\"noopener noreferrer\" href=\"http:\/\/instagram.com\/turtle.sanctuary\/\"><\/a><\/div><\/div><\/div><div class=\"fusion-clearfix\"><\/div><\/div><\/div><\/div><\/div>\n","protected":false},"excerpt":{"rendered":"","protected":false},"author":1,"featured_media":0,"parent":0,"menu_order":0,"comment_status":"closed","ping_status":"closed","template":"","meta":{"footnotes":""},"class_list":["post-1549","page","type-page","status-publish","hentry"],"yoast_head":"<!-- This site is optimized with the Yoast SEO plugin v26.6 - https:\/\/yoast.com\/wordpress\/plugins\/seo\/ -->\n<title>Li\u1ec7n h\u1ec7 v\u1edbi ch\u00fang t\u00f4i - Turtle Sanctuary Conservation Center<\/title>\n<meta name=\"robots\" content=\"index, follow, max-snippet:-1, max-image-preview:large, max-video-preview:-1\" \/>\n<link rel=\"canonical\" href=\"https:\/\/www.turtle-sanctuary.org\/vi\/lien-he-voi-chung-toi\/\" \/>\n<meta property=\"og:locale\" content=\"vi_VN\" \/>\n<meta property=\"og:type\" content=\"article\" \/>\n<meta property=\"og:title\" content=\"Li\u1ec7n h\u1ec7 v\u1edbi ch\u00fang t\u00f4i - Turtle Sanctuary Conservation Center\" \/>\n<meta property=\"og:url\" content=\"https:\/\/www.turtle-sanctuary.org\/vi\/lien-he-voi-chung-toi\/\" \/>\n<meta property=\"og:site_name\" content=\"Turtle Sanctuary Conservation Center\" \/>\n<meta property=\"article:modified_time\" content=\"2018-11-24T19:19:07+00:00\" \/>\n<meta property=\"og:image\" content=\"https:\/\/www.turtle-sanctuary.org\/wp-content\/uploads\/2018\/10\/Sans-titre-3.jpg\" \/>\n\t<meta property=\"og:image:width\" content=\"2109\" \/>\n\t<meta property=\"og:image:height\" content=\"1054\" \/>\n\t<meta property=\"og:image:type\" content=\"image\/jpeg\" \/>\n<meta name=\"twitter:card\" content=\"summary_large_image\" \/>\n<meta name=\"twitter:label1\" content=\"Est. reading time\" \/>\n\t<meta name=\"twitter:data1\" content=\"2 minutes\" \/>\n<script type=\"application\/ld+json\" class=\"yoast-schema-graph\">{\"@context\":\"https:\/\/schema.org\",\"@graph\":[{\"@type\":\"WebPage\",\"@id\":\"https:\/\/www.turtle-sanctuary.org\/vi\/lien-he-voi-chung-toi\/\",\"url\":\"https:\/\/www.turtle-sanctuary.org\/vi\/lien-he-voi-chung-toi\/\",\"name\":\"Li\u1ec7n h\u1ec7 v\u1edbi ch\u00fang t\u00f4i - Turtle Sanctuary Conservation Center\",\"isPartOf\":{\"@id\":\"https:\/\/www.turtle-sanctuary.org\/vi\/#website\"},\"datePublished\":\"2018-07-24T15:12:32+00:00\",\"dateModified\":\"2018-11-24T19:19:07+00:00\",\"breadcrumb\":{\"@id\":\"https:\/\/www.turtle-sanctuary.org\/vi\/lien-he-voi-chung-toi\/#breadcrumb\"},\"inLanguage\":\"vi-VN\",\"potentialAction\":[{\"@type\":\"ReadAction\",\"target\":[\"https:\/\/www.turtle-sanctuary.org\/vi\/lien-he-voi-chung-toi\/\"]}]},{\"@type\":\"BreadcrumbList\",\"@id\":\"https:\/\/www.turtle-sanctuary.org\/vi\/lien-he-voi-chung-toi\/#breadcrumb\",\"itemListElement\":[{\"@type\":\"ListItem\",\"position\":1,\"name\":\"Accueil\",\"item\":\"https:\/\/www.turtle-sanctuary.org\/vi\/\"},{\"@type\":\"ListItem\",\"position\":2,\"name\":\"Li\u1ec7n h\u1ec7 v\u1edbi ch\u00fang t\u00f4i\"}]},{\"@type\":\"WebSite\",\"@id\":\"https:\/\/www.turtle-sanctuary.org\/vi\/#website\",\"url\":\"https:\/\/www.turtle-sanctuary.org\/vi\/\",\"name\":\"Turtle Sanctuary Conservation Center\",\"description\":\"\",\"potentialAction\":[{\"@type\":\"SearchAction\",\"target\":{\"@type\":\"EntryPoint\",\"urlTemplate\":\"https:\/\/www.turtle-sanctuary.org\/vi\/?s={search_term_string}\"},\"query-input\":{\"@type\":\"PropertyValueSpecification\",\"valueRequired\":true,\"valueName\":\"search_term_string\"}}],\"inLanguage\":\"vi-VN\"}]}<\/script>\n<!-- \/ Yoast SEO plugin. -->","yoast_head_json":{"title":"Li\u1ec7n h\u1ec7 v\u1edbi ch\u00fang t\u00f4i - Turtle Sanctuary Conservation Center","robots":{"index":"index","follow":"follow","max-snippet":"max-snippet:-1","max-image-preview":"max-image-preview:large","max-video-preview":"max-video-preview:-1"},"canonical":"https:\/\/www.turtle-sanctuary.org\/vi\/lien-he-voi-chung-toi\/","og_locale":"vi_VN","og_type":"article","og_title":"Li\u1ec7n h\u1ec7 v\u1edbi ch\u00fang t\u00f4i - Turtle Sanctuary Conservation Center","og_url":"https:\/\/www.turtle-sanctuary.org\/vi\/lien-he-voi-chung-toi\/","og_site_name":"Turtle Sanctuary Conservation Center","article_modified_time":"2018-11-24T19:19:07+00:00","og_image":[{"width":2109,"height":1054,"url":"https:\/\/www.turtle-sanctuary.org\/wp-content\/uploads\/2018\/10\/Sans-titre-3.jpg","type":"image\/jpeg"}],"twitter_card":"summary_large_image","twitter_misc":{"Est. reading time":"2 minutes"},"schema":{"@context":"https:\/\/schema.org","@graph":[{"@type":"WebPage","@id":"https:\/\/www.turtle-sanctuary.org\/vi\/lien-he-voi-chung-toi\/","url":"https:\/\/www.turtle-sanctuary.org\/vi\/lien-he-voi-chung-toi\/","name":"Li\u1ec7n h\u1ec7 v\u1edbi ch\u00fang t\u00f4i - Turtle Sanctuary Conservation Center","isPartOf":{"@id":"https:\/\/www.turtle-sanctuary.org\/vi\/#website"},"datePublished":"2018-07-24T15:12:32+00:00","dateModified":"2018-11-24T19:19:07+00:00","breadcrumb":{"@id":"https:\/\/www.turtle-sanctuary.org\/vi\/lien-he-voi-chung-toi\/#breadcrumb"},"inLanguage":"vi-VN","potentialAction":[{"@type":"ReadAction","target":["https:\/\/www.turtle-sanctuary.org\/vi\/lien-he-voi-chung-toi\/"]}]},{"@type":"BreadcrumbList","@id":"https:\/\/www.turtle-sanctuary.org\/vi\/lien-he-voi-chung-toi\/#breadcrumb","itemListElement":[{"@type":"ListItem","position":1,"name":"Accueil","item":"https:\/\/www.turtle-sanctuary.org\/vi\/"},{"@type":"ListItem","position":2,"name":"Li\u1ec7n h\u1ec7 v\u1edbi ch\u00fang t\u00f4i"}]},{"@type":"WebSite","@id":"https:\/\/www.turtle-sanctuary.org\/vi\/#website","url":"https:\/\/www.turtle-sanctuary.org\/vi\/","name":"Turtle Sanctuary Conservation Center","description":"","potentialAction":[{"@type":"SearchAction","target":{"@type":"EntryPoint","urlTemplate":"https:\/\/www.turtle-sanctuary.org\/vi\/?s={search_term_string}"},"query-input":{"@type":"PropertyValueSpecification","valueRequired":true,"valueName":"search_term_string"}}],"inLanguage":"vi-VN"}]}},"_links":{"self":[{"href":"https:\/\/www.turtle-sanctuary.org\/vi\/wp-json\/wp\/v2\/pages\/1549","targetHints":{"allow":["GET"]}}],"collection":[{"href":"https:\/\/www.turtle-sanctuary.org\/vi\/wp-json\/wp\/v2\/pages"}],"about":[{"href":"https:\/\/www.turtle-sanctuary.org\/vi\/wp-json\/wp\/v2\/types\/page"}],"author":[{"embeddable":true,"href":"https:\/\/www.turtle-sanctuary.org\/vi\/wp-json\/wp\/v2\/users\/1"}],"replies":[{"embeddable":true,"href":"https:\/\/www.turtle-sanctuary.org\/vi\/wp-json\/wp\/v2\/comments?post=1549"}],"version-history":[{"count":1,"href":"https:\/\/www.turtle-sanctuary.org\/vi\/wp-json\/wp\/v2\/pages\/1549\/revisions"}],"predecessor-version":[{"id":1551,"href":"https:\/\/www.turtle-sanctuary.org\/vi\/wp-json\/wp\/v2\/pages\/1549\/revisions\/1551"}],"wp:attachment":[{"href":"https:\/\/www.turtle-sanctuary.org\/vi\/wp-json\/wp\/v2\/media?parent=1549"}],"curies":[{"name":"wp","href":"https:\/\/api.w.org\/{rel}","templated":true}]}}