{"id":3307,"date":"2026-01-07T16:28:12","date_gmt":"2026-01-07T15:28:12","guid":{"rendered":"https:\/\/www.turtle-sanctuary.org\/?page_id=3307"},"modified":"2026-01-07T17:03:49","modified_gmt":"2026-01-07T16:03:49","slug":"chitra-chitra","status":"publish","type":"page","link":"https:\/\/www.turtle-sanctuary.org\/vi\/loai-quan-tam\/chitra-chitra\/","title":{"rendered":"<em>Chitra chitra<\/em>"},"content":{"rendered":"<p><div class=\"fusion-fullwidth fullwidth-box fusion-builder-row-1 nonhundred-percent-fullwidth non-hundred-percent-height-scrolling\" style=\"--awb-border-radius-top-left:0px;--awb-border-radius-top-right:0px;--awb-border-radius-bottom-right:0px;--awb-border-radius-bottom-left:0px;--awb-padding-right:0px;--awb-padding-left:0px;--awb-flex-wrap:wrap;\" ><div class=\"fusion-builder-row fusion-row\"><div class=\"fusion-layout-column fusion_builder_column fusion-builder-column-0 fusion_builder_column_1_1 1_1 fusion-one-full fusion-column-first fusion-column-last\" style=\"--awb-bg-size:cover;\"><div class=\"fusion-column-wrapper fusion-flex-column-wrapper-legacy\"><div class=\"fusion-image-element fusion-image-align-center in-legacy-container\" style=\"text-align:center;--awb-max-width:100%;--awb-caption-title-font-family:var(--h2_typography-font-family);--awb-caption-title-font-weight:var(--h2_typography-font-weight);--awb-caption-title-font-style:var(--h2_typography-font-style);--awb-caption-title-size:var(--h2_typography-font-size);--awb-caption-title-transform:var(--h2_typography-text-transform);--awb-caption-title-line-height:var(--h2_typography-line-height);--awb-caption-title-letter-spacing:var(--h2_typography-letter-spacing);\"><div class=\"imageframe-align-center\"><span class=\" fusion-imageframe imageframe-none imageframe-1 hover-type-none ban\"><img decoding=\"async\" width=\"2500\" height=\"938\" alt=\"Chitra chitra\" title=\"ban\" src=\"http:\/\/www.turtle-sanctuary.org\/wp-content\/uploads\/2026\/01\/ban.jpg\" class=\"img-responsive wp-image-3291\" srcset=\"https:\/\/www.turtle-sanctuary.org\/wp-content\/uploads\/2026\/01\/ban-200x75.jpg 200w, https:\/\/www.turtle-sanctuary.org\/wp-content\/uploads\/2026\/01\/ban-400x150.jpg 400w, https:\/\/www.turtle-sanctuary.org\/wp-content\/uploads\/2026\/01\/ban-600x225.jpg 600w, https:\/\/www.turtle-sanctuary.org\/wp-content\/uploads\/2026\/01\/ban-800x300.jpg 800w, https:\/\/www.turtle-sanctuary.org\/wp-content\/uploads\/2026\/01\/ban-1200x450.jpg 1200w, https:\/\/www.turtle-sanctuary.org\/wp-content\/uploads\/2026\/01\/ban.jpg 2500w\" sizes=\"(max-width: 1280px) 100vw, 2500px\" \/><\/span><\/div><\/div><div class=\"fusion-text fusion-text-1 titre\"><p>Chitra chitra<\/p>\n<\/div><div class=\"fusion-clearfix\"><\/div><\/div><\/div><\/div><\/div><div class=\"fusion-fullwidth fullwidth-box fusion-builder-row-2 nonhundred-percent-fullwidth non-hundred-percent-height-scrolling\" style=\"--awb-border-radius-top-left:0px;--awb-border-radius-top-right:0px;--awb-border-radius-bottom-right:0px;--awb-border-radius-bottom-left:0px;--awb-flex-wrap:wrap;\" ><div class=\"fusion-builder-row fusion-row\"><div class=\"fusion-layout-column fusion_builder_column fusion-builder-column-1 fusion_builder_column_3_5 3_5 fusion-three-fifth fusion-column-first\" style=\"--awb-bg-size:cover;width:60%;width:calc(60% - ( ( 4% ) * 0.6 ) );margin-right: 4%;\"><div class=\"fusion-column-wrapper fusion-flex-column-wrapper-legacy\"><div class=\"fusion-text fusion-text-2 texte-missions\"><p align=\"justify\"><em>Chitra chitra<\/em> l\u00e0 m\u1ed9t trong nh\u1eefng lo\u00e0i r\u00f9a n\u01b0\u1edbc ng\u1ecdt l\u1edbn nh\u1ea5t th\u1ebf gi\u1edbi, v\u1edbi chi\u1ec1u d\u00e0i y\u1ebfm \u0111\u1ea1t 123\u2013140 cm v\u00e0 n\u1eb7ng h\u01a1n 200 kg.<\/p>\n<p align=\"justify\">Lo\u00e0i n\u00e0y ph\u00e2n b\u1ed1 \u1edf Th\u00e1i Lan, Malaysia B\u00e1n \u0111\u1ea3o v\u00e0 \u0111\u1ea3o Java (Indonesia). T\u1ea1i Th\u00e1i Lan, Chitra chitra xu\u1ea5t hi\u1ec7n trong ba l\u01b0u v\u1ef1c s\u00f4ng l\u1edbn: Salween, Mae Klong v\u00e0 Chao Phraya. S\u1ef1 hi\u1ec7n di\u1ec7n c\u1ee7a lo\u00e0i \u0111\u00e3 \u0111\u01b0\u1ee3c x\u00e1c nh\u1eadn \u1edf s\u00f4ng Mae Klong v\u00e0 \u0111\u01b0\u1ee3c signal\u00e9e \u1edf s\u00f4ng Mae Ping, m\u1eb7c d\u00f9 nh\u1eefng thay \u0111\u1ed5i l\u1edbn tr\u00ean s\u00f4ng Chao Phraya khi\u1ebfn s\u1ef1 t\u1ed3n t\u1ea1i c\u1ee7a lo\u00e0i t\u1ea1i \u0111\u00e2y tr\u1edf n\u00ean kh\u00f4ng ch\u1eafc ch\u1eafn.<\/p>\n<p align=\"justify\">Nhi\u1ec1u nghi\u00ean c\u1ee9u \u01b0\u1edbc t\u00ednh qu\u1ea7n th\u1ec3 c\u1ee7a lo\u00e0i s\u1ebd \u0111\u01b0\u1ee3c Turtle Sanctuary th\u1ef1c hi\u1ec7n trong n\u0103m 2026.<\/p>\n<\/div><div class=\"fusion-clearfix\"><\/div><\/div><\/div><div class=\"fusion-layout-column fusion_builder_column fusion-builder-column-2 fusion_builder_column_2_5 2_5 fusion-two-fifth fusion-column-last\" style=\"--awb-padding-top:20px;--awb-padding-right:20px;--awb-padding-bottom:20px;--awb-padding-left:20px;--awb-bg-color:#f7f7f7;--awb-bg-color-hover:#f7f7f7;--awb-bg-size:cover;width:40%;width:calc(40% - ( ( 4% ) * 0.4 ) );\"><div class=\"fusion-column-wrapper fusion-flex-column-wrapper-legacy\"><div class=\"fusion-text fusion-text-3\"><p><strong>Lo\u00e0i: <\/strong> <em>Chitra chitra<\/em> (Nutphand, 1986)<\/p>\n<p><strong>T\u00ecnh tr\u1ea1ng b\u1ea3o t\u1ed3n:<\/strong><br \/>\nCITES : Ph\u1ee5 l\u1ee5c I<br \/>\nUE : A<br \/>\nIUCN : CR (Critically Endangered)<\/p>\n<p><strong>Distribution\u00a0:<\/strong> Th\u00e1i Lan, Malaysia B\u00e1n \u0111\u1ea3o v\u00e0 Indonesia (Java)<\/p>\n<\/div><div class=\"fusion-clearfix\"><\/div><\/div><\/div><div class=\"fusion-layout-column fusion_builder_column fusion-builder-column-3 fusion_builder_column_1_1 1_1 fusion-one-full fusion-column-first fusion-column-last\" style=\"--awb-bg-size:cover;\"><div class=\"fusion-column-wrapper fusion-flex-column-wrapper-legacy\"><div class=\"awb-gallery-wrapper awb-gallery-wrapper-1 button-span-no\" style=\"--more-btn-alignment:center;\"><div style=\"margin:-10px;--awb-bordersize:0px;\" class=\"fusion-gallery fusion-gallery-container fusion-grid-3 fusion-columns-total-4 fusion-gallery-layout-grid fusion-gallery-1\"><div style=\"padding:10px;\" class=\"fusion-grid-column fusion-gallery-column fusion-gallery-column-3\"><div class=\"fusion-gallery-image fusion-gallery-image-liftup\"><a href=\"https:\/\/www.turtle-sanctuary.org\/wp-content\/uploads\/2026\/01\/IMG_8137.jpg\" data-title=\"IMG_8137\" title=\"IMG_8137\" rel=\"noreferrer\" data-rel=\"iLightbox[gallery_image_1]\" class=\"fusion-lightbox\" target=\"_self\"><img decoding=\"async\" src=\"https:\/\/www.turtle-sanctuary.org\/wp-content\/uploads\/2026\/01\/IMG_8137.jpg\" width=\"1200\" height=\"900\" alt=\"Chitra chitra\" title=\"IMG_8137\" aria-label=\"IMG_8137\" class=\"img-responsive wp-image-3295\" srcset=\"https:\/\/www.turtle-sanctuary.org\/wp-content\/uploads\/2026\/01\/IMG_8137-200x150.jpg 200w, https:\/\/www.turtle-sanctuary.org\/wp-content\/uploads\/2026\/01\/IMG_8137-400x300.jpg 400w, https:\/\/www.turtle-sanctuary.org\/wp-content\/uploads\/2026\/01\/IMG_8137-600x450.jpg 600w, https:\/\/www.turtle-sanctuary.org\/wp-content\/uploads\/2026\/01\/IMG_8137-800x600.jpg 800w, https:\/\/www.turtle-sanctuary.org\/wp-content\/uploads\/2026\/01\/IMG_8137.jpg 1200w\" sizes=\"(min-width: 2200px) 100vw, (min-width: 784px) 633px, (min-width: 712px) 784px, (min-width: 640px) 712px, \" \/><\/a><\/div><\/div><div style=\"padding:10px;\" class=\"fusion-grid-column fusion-gallery-column fusion-gallery-column-3\"><div class=\"fusion-gallery-image fusion-gallery-image-liftup\"><a href=\"https:\/\/www.turtle-sanctuary.org\/wp-content\/uploads\/2026\/01\/IMG_8187.jpg\" data-title=\"IMG_8187\" title=\"IMG_8187\" rel=\"noreferrer\" data-rel=\"iLightbox[gallery_image_1]\" class=\"fusion-lightbox\" target=\"_self\"><img decoding=\"async\" src=\"https:\/\/www.turtle-sanctuary.org\/wp-content\/uploads\/2026\/01\/IMG_8187.jpg\" width=\"1200\" height=\"900\" alt=\"Chitra chitra\" title=\"IMG_8187\" aria-label=\"IMG_8187\" class=\"img-responsive wp-image-3301\" srcset=\"https:\/\/www.turtle-sanctuary.org\/wp-content\/uploads\/2026\/01\/IMG_8187-200x150.jpg 200w, https:\/\/www.turtle-sanctuary.org\/wp-content\/uploads\/2026\/01\/IMG_8187-400x300.jpg 400w, https:\/\/www.turtle-sanctuary.org\/wp-content\/uploads\/2026\/01\/IMG_8187-600x450.jpg 600w, https:\/\/www.turtle-sanctuary.org\/wp-content\/uploads\/2026\/01\/IMG_8187-800x600.jpg 800w, https:\/\/www.turtle-sanctuary.org\/wp-content\/uploads\/2026\/01\/IMG_8187.jpg 1200w\" sizes=\"(min-width: 2200px) 100vw, (min-width: 784px) 633px, (min-width: 712px) 784px, (min-width: 640px) 712px, \" \/><\/a><\/div><\/div><div style=\"padding:10px;\" class=\"fusion-grid-column fusion-gallery-column fusion-gallery-column-3\"><div class=\"fusion-gallery-image fusion-gallery-image-liftup\"><a href=\"https:\/\/www.turtle-sanctuary.org\/wp-content\/uploads\/2026\/01\/IMG_8140.jpg\" data-title=\"IMG_8140\" title=\"IMG_8140\" rel=\"noreferrer\" data-rel=\"iLightbox[gallery_image_1]\" class=\"fusion-lightbox\" target=\"_self\"><img decoding=\"async\" src=\"https:\/\/www.turtle-sanctuary.org\/wp-content\/uploads\/2026\/01\/IMG_8140.jpg\" width=\"1200\" height=\"900\" alt=\"Chitra chitra\" title=\"IMG_8140\" aria-label=\"IMG_8140\" class=\"img-responsive wp-image-3298\" srcset=\"https:\/\/www.turtle-sanctuary.org\/wp-content\/uploads\/2026\/01\/IMG_8140-200x150.jpg 200w, https:\/\/www.turtle-sanctuary.org\/wp-content\/uploads\/2026\/01\/IMG_8140-400x300.jpg 400w, https:\/\/www.turtle-sanctuary.org\/wp-content\/uploads\/2026\/01\/IMG_8140-600x450.jpg 600w, https:\/\/www.turtle-sanctuary.org\/wp-content\/uploads\/2026\/01\/IMG_8140-800x600.jpg 800w, https:\/\/www.turtle-sanctuary.org\/wp-content\/uploads\/2026\/01\/IMG_8140.jpg 1200w\" sizes=\"(min-width: 2200px) 100vw, (min-width: 784px) 633px, (min-width: 712px) 784px, (min-width: 640px) 712px, \" \/><\/a><\/div><\/div><div class=\"clearfix\"><\/div><div style=\"padding:10px;\" class=\"fusion-grid-column fusion-gallery-column fusion-gallery-column-3\"><div class=\"fusion-gallery-image fusion-gallery-image-liftup\"><a href=\"https:\/\/www.turtle-sanctuary.org\/wp-content\/uploads\/2026\/01\/IMG_8188.jpg\" data-title=\"IMG_8188\" title=\"IMG_8188\" rel=\"noreferrer\" data-rel=\"iLightbox[gallery_image_1]\" class=\"fusion-lightbox\" target=\"_self\"><img decoding=\"async\" src=\"https:\/\/www.turtle-sanctuary.org\/wp-content\/uploads\/2026\/01\/IMG_8188.jpg\" width=\"1200\" height=\"900\" alt=\"Chitra chitra\" title=\"IMG_8188\" aria-label=\"IMG_8188\" class=\"img-responsive wp-image-3304\" srcset=\"https:\/\/www.turtle-sanctuary.org\/wp-content\/uploads\/2026\/01\/IMG_8188-200x150.jpg 200w, https:\/\/www.turtle-sanctuary.org\/wp-content\/uploads\/2026\/01\/IMG_8188-400x300.jpg 400w, https:\/\/www.turtle-sanctuary.org\/wp-content\/uploads\/2026\/01\/IMG_8188-600x450.jpg 600w, https:\/\/www.turtle-sanctuary.org\/wp-content\/uploads\/2026\/01\/IMG_8188-800x600.jpg 800w, https:\/\/www.turtle-sanctuary.org\/wp-content\/uploads\/2026\/01\/IMG_8188.jpg 1200w\" sizes=\"(min-width: 2200px) 100vw, (min-width: 784px) 633px, (min-width: 712px) 784px, (min-width: 640px) 712px, \" \/><\/a><\/div><\/div><\/div><\/div><div class=\"fusion-clearfix\"><\/div><\/div><\/div><\/div><\/div><\/p>\n","protected":false},"excerpt":{"rendered":"","protected":false},"author":1,"featured_media":0,"parent":1483,"menu_order":0,"comment_status":"closed","ping_status":"closed","template":"","meta":{"footnotes":""},"class_list":["post-3307","page","type-page","status-publish","hentry"],"yoast_head":"<!-- This site is optimized with the Yoast SEO plugin v26.6 - https:\/\/yoast.com\/wordpress\/plugins\/seo\/ -->\n<title>Chitra chitra - Turtle Sanctuary Conservation Center<\/title>\n<meta name=\"robots\" content=\"index, follow, max-snippet:-1, max-image-preview:large, max-video-preview:-1\" \/>\n<link rel=\"canonical\" href=\"https:\/\/www.turtle-sanctuary.org\/vi\/loai-quan-tam\/chitra-chitra\/\" \/>\n<meta property=\"og:locale\" content=\"vi_VN\" \/>\n<meta property=\"og:type\" content=\"article\" \/>\n<meta property=\"og:title\" content=\"Chitra chitra - Turtle Sanctuary Conservation Center\" \/>\n<meta property=\"og:url\" content=\"https:\/\/www.turtle-sanctuary.org\/vi\/loai-quan-tam\/chitra-chitra\/\" \/>\n<meta property=\"og:site_name\" content=\"Turtle Sanctuary Conservation Center\" \/>\n<meta property=\"article:modified_time\" content=\"2026-01-07T16:03:49+00:00\" \/>\n<meta property=\"og:image\" content=\"https:\/\/www.turtle-sanctuary.org\/wp-content\/uploads\/2018\/10\/Sans-titre-3.jpg\" \/>\n\t<meta property=\"og:image:width\" content=\"2109\" \/>\n\t<meta property=\"og:image:height\" content=\"1054\" \/>\n\t<meta property=\"og:image:type\" content=\"image\/jpeg\" \/>\n<meta name=\"twitter:card\" content=\"summary_large_image\" \/>\n<meta name=\"twitter:label1\" content=\"Est. reading time\" \/>\n\t<meta name=\"twitter:data1\" content=\"2 minutes\" \/>\n<script type=\"application\/ld+json\" class=\"yoast-schema-graph\">{\"@context\":\"https:\/\/schema.org\",\"@graph\":[{\"@type\":\"WebPage\",\"@id\":\"https:\/\/www.turtle-sanctuary.org\/vi\/loai-quan-tam\/chitra-chitra\/\",\"url\":\"https:\/\/www.turtle-sanctuary.org\/vi\/loai-quan-tam\/chitra-chitra\/\",\"name\":\"Chitra chitra - Turtle Sanctuary Conservation Center\",\"isPartOf\":{\"@id\":\"http:\/\/www.turtle-sanctuary.org\/vi\/#website\"},\"datePublished\":\"2026-01-07T15:28:12+00:00\",\"dateModified\":\"2026-01-07T16:03:49+00:00\",\"breadcrumb\":{\"@id\":\"https:\/\/www.turtle-sanctuary.org\/vi\/loai-quan-tam\/chitra-chitra\/#breadcrumb\"},\"inLanguage\":\"vi-VN\",\"potentialAction\":[{\"@type\":\"ReadAction\",\"target\":[\"https:\/\/www.turtle-sanctuary.org\/vi\/loai-quan-tam\/chitra-chitra\/\"]}]},{\"@type\":\"BreadcrumbList\",\"@id\":\"https:\/\/www.turtle-sanctuary.org\/vi\/loai-quan-tam\/chitra-chitra\/#breadcrumb\",\"itemListElement\":[{\"@type\":\"ListItem\",\"position\":1,\"name\":\"Accueil\",\"item\":\"https:\/\/www.turtle-sanctuary.org\/vi\/\"},{\"@type\":\"ListItem\",\"position\":2,\"name\":\"Lo\u00e0i quan t\u00e2m\",\"item\":\"https:\/\/www.turtle-sanctuary.org\/vi\/loai-quan-tam\/\"},{\"@type\":\"ListItem\",\"position\":3,\"name\":\"Chitra chitra\"}]},{\"@type\":\"WebSite\",\"@id\":\"http:\/\/www.turtle-sanctuary.org\/vi\/#website\",\"url\":\"http:\/\/www.turtle-sanctuary.org\/vi\/\",\"name\":\"Turtle Sanctuary Conservation Center\",\"description\":\"\",\"potentialAction\":[{\"@type\":\"SearchAction\",\"target\":{\"@type\":\"EntryPoint\",\"urlTemplate\":\"http:\/\/www.turtle-sanctuary.org\/vi\/?s={search_term_string}\"},\"query-input\":{\"@type\":\"PropertyValueSpecification\",\"valueRequired\":true,\"valueName\":\"search_term_string\"}}],\"inLanguage\":\"vi-VN\"}]}<\/script>\n<!-- \/ Yoast SEO plugin. -->","yoast_head_json":{"title":"Chitra chitra - Turtle Sanctuary Conservation Center","robots":{"index":"index","follow":"follow","max-snippet":"max-snippet:-1","max-image-preview":"max-image-preview:large","max-video-preview":"max-video-preview:-1"},"canonical":"https:\/\/www.turtle-sanctuary.org\/vi\/loai-quan-tam\/chitra-chitra\/","og_locale":"vi_VN","og_type":"article","og_title":"Chitra chitra - Turtle Sanctuary Conservation Center","og_url":"https:\/\/www.turtle-sanctuary.org\/vi\/loai-quan-tam\/chitra-chitra\/","og_site_name":"Turtle Sanctuary Conservation Center","article_modified_time":"2026-01-07T16:03:49+00:00","og_image":[{"width":2109,"height":1054,"url":"https:\/\/www.turtle-sanctuary.org\/wp-content\/uploads\/2018\/10\/Sans-titre-3.jpg","type":"image\/jpeg"}],"twitter_card":"summary_large_image","twitter_misc":{"Est. reading time":"2 minutes"},"schema":{"@context":"https:\/\/schema.org","@graph":[{"@type":"WebPage","@id":"https:\/\/www.turtle-sanctuary.org\/vi\/loai-quan-tam\/chitra-chitra\/","url":"https:\/\/www.turtle-sanctuary.org\/vi\/loai-quan-tam\/chitra-chitra\/","name":"Chitra chitra - Turtle Sanctuary Conservation Center","isPartOf":{"@id":"http:\/\/www.turtle-sanctuary.org\/vi\/#website"},"datePublished":"2026-01-07T15:28:12+00:00","dateModified":"2026-01-07T16:03:49+00:00","breadcrumb":{"@id":"https:\/\/www.turtle-sanctuary.org\/vi\/loai-quan-tam\/chitra-chitra\/#breadcrumb"},"inLanguage":"vi-VN","potentialAction":[{"@type":"ReadAction","target":["https:\/\/www.turtle-sanctuary.org\/vi\/loai-quan-tam\/chitra-chitra\/"]}]},{"@type":"BreadcrumbList","@id":"https:\/\/www.turtle-sanctuary.org\/vi\/loai-quan-tam\/chitra-chitra\/#breadcrumb","itemListElement":[{"@type":"ListItem","position":1,"name":"Accueil","item":"https:\/\/www.turtle-sanctuary.org\/vi\/"},{"@type":"ListItem","position":2,"name":"Lo\u00e0i quan t\u00e2m","item":"https:\/\/www.turtle-sanctuary.org\/vi\/loai-quan-tam\/"},{"@type":"ListItem","position":3,"name":"Chitra chitra"}]},{"@type":"WebSite","@id":"http:\/\/www.turtle-sanctuary.org\/vi\/#website","url":"http:\/\/www.turtle-sanctuary.org\/vi\/","name":"Turtle Sanctuary Conservation Center","description":"","potentialAction":[{"@type":"SearchAction","target":{"@type":"EntryPoint","urlTemplate":"http:\/\/www.turtle-sanctuary.org\/vi\/?s={search_term_string}"},"query-input":{"@type":"PropertyValueSpecification","valueRequired":true,"valueName":"search_term_string"}}],"inLanguage":"vi-VN"}]}},"_links":{"self":[{"href":"https:\/\/www.turtle-sanctuary.org\/vi\/wp-json\/wp\/v2\/pages\/3307","targetHints":{"allow":["GET"]}}],"collection":[{"href":"https:\/\/www.turtle-sanctuary.org\/vi\/wp-json\/wp\/v2\/pages"}],"about":[{"href":"https:\/\/www.turtle-sanctuary.org\/vi\/wp-json\/wp\/v2\/types\/page"}],"author":[{"embeddable":true,"href":"https:\/\/www.turtle-sanctuary.org\/vi\/wp-json\/wp\/v2\/users\/1"}],"replies":[{"embeddable":true,"href":"https:\/\/www.turtle-sanctuary.org\/vi\/wp-json\/wp\/v2\/comments?post=3307"}],"version-history":[{"count":4,"href":"https:\/\/www.turtle-sanctuary.org\/vi\/wp-json\/wp\/v2\/pages\/3307\/revisions"}],"predecessor-version":[{"id":3316,"href":"https:\/\/www.turtle-sanctuary.org\/vi\/wp-json\/wp\/v2\/pages\/3307\/revisions\/3316"}],"up":[{"embeddable":true,"href":"https:\/\/www.turtle-sanctuary.org\/vi\/wp-json\/wp\/v2\/pages\/1483"}],"wp:attachment":[{"href":"https:\/\/www.turtle-sanctuary.org\/vi\/wp-json\/wp\/v2\/media?parent=3307"}],"curies":[{"name":"wp","href":"https:\/\/api.w.org\/{rel}","templated":true}]}}